{"id":119,"date":"2024-09-16T15:07:33","date_gmt":"2024-09-16T15:07:33","guid":{"rendered":"https:\/\/inscorcardiologia.com\/?page_id=119"},"modified":"2025-04-11T17:28:12","modified_gmt":"2025-04-11T17:28:12","slug":"home","status":"publish","type":"page","link":"https:\/\/inscorcardiologia.com\/en\/","title":{"rendered":"HOME"},"content":{"rendered":"\t\t<div data-elementor-type=\"wp-page\" data-elementor-id=\"119\" class=\"elementor elementor-119\" data-elementor-post-type=\"page\">\n\t\t\t\t<div class=\"elementor-element elementor-element-c966731 e-con-full e-flex e-con e-parent\" data-id=\"c966731\" data-element_type=\"container\" data-e-type=\"container\" data-settings=\"{&quot;background_background&quot;:&quot;video&quot;,&quot;background_video_link&quot;:&quot;https:\\\/\\\/youtu.be\\\/RZ0zmIo1MZY?si=1LCeEZnsJeyvvDyw&amp;vq=hd1080&quot;,&quot;background_play_on_mobile&quot;:&quot;yes&quot;}\">\n\t\t<div class=\"elementor-background-video-container\">\n\t\t\t\t\t\t\t<div class=\"elementor-background-video-embed\" role=\"presentation\"><\/div>\n\t\t\t\t\t\t<\/div>\t\t<div class=\"elementor-element elementor-element-2ecc41d2 elementor-hidden-mobile elementor-widget elementor-widget-heading\" data-id=\"2ecc41d2\" data-element_type=\"widget\" data-e-type=\"widget\" data-widget_type=\"heading.default\">\n\t\t\t\t<div class=\"elementor-widget-container\">\n\t\t\t\t\t<h1 class=\"elementor-heading-title elementor-size-default\">INSCOR: Salud Cardiovascular y <br> Rehabilitaci\u00f3n Card\u00edaca en Barcelona<\/h1>\t\t\t\t<\/div>\n\t\t\t\t<\/div>\n\t\t\t\t<\/div>\n\t\t<div class=\"elementor-element elementor-element-1fb5d863 e-flex e-con-boxed e-con e-parent\" data-id=\"1fb5d863\" data-element_type=\"container\" data-e-type=\"container\">\n\t\t\t\t\t<div class=\"e-con-inner\">\n\t\t<div class=\"elementor-element elementor-element-1059f0f3 e-con-full e-flex e-con e-child\" data-id=\"1059f0f3\" data-element_type=\"container\" data-e-type=\"container\">\n\t\t\t\t<div class=\"elementor-element elementor-element-19c0d938 elementor-widget elementor-widget-heading\" data-id=\"19c0d938\" data-element_type=\"widget\" data-e-type=\"widget\" data-widget_type=\"heading.default\">\n\t\t\t\t<div class=\"elementor-widget-container\">\n\t\t\t\t\t<h2 class=\"elementor-heading-title elementor-size-default\">Instituto Salud Cardiovascular y Rehabilitaci\u00f3n Card\u00edaca<\/h2>\t\t\t\t<\/div>\n\t\t\t\t<\/div>\n\t\t\t\t<div class=\"elementor-element elementor-element-5a3efb65 elementor-widget elementor-widget-heading\" data-id=\"5a3efb65\" data-element_type=\"widget\" data-e-type=\"widget\" data-widget_type=\"heading.default\">\n\t\t\t\t<div class=\"elementor-widget-container\">\n\t\t\t\t\t<h5 class=\"elementor-heading-title elementor-size-default\">Cuidamos tu coraz\u00f3n para que vivas m\u00e1s y mejor<\/h5>\t\t\t\t<\/div>\n\t\t\t\t<\/div>\n\t\t\t\t<div class=\"elementor-element elementor-element-4688d2e9 elementor-widget elementor-widget-text-editor\" data-id=\"4688d2e9\" data-element_type=\"widget\" data-e-type=\"widget\" data-widget_type=\"text-editor.default\">\n\t\t\t\t<div class=\"elementor-widget-container\">\n\t\t\t\t\t\t\t\t\t<p><span style=\"font-weight: 400;\">El Instituto de Salud Cardiovascular y Rehabilitaci\u00f3n Card\u00edaca INSCOR, <strong>somos especialistas de referencia en Catalu\u00f1a en rehabilitaci\u00f3n cardiaca<\/strong>, con m\u00e1s de 25 a\u00f1os de experiencia ayudando a pacientes a recuperar su salud cardiovascular. Nuestro enfoque integral abarca todas las fases de las enfermedades cardiovasculares, desde <strong>la prevenci\u00f3n hasta la recuperaci\u00f3n, con tratamientos avanzados y personalizados<\/strong>.<\/span><span style=\"font-weight: 400;\"><br \/><\/span><span style=\"font-weight: 400;\"><br \/><\/span><span style=\"font-weight: 400;\">Adem\u00e1s de ser l\u00edderes en rehabilitaci\u00f3n, ofrecemos consultas cardiol\u00f3gicas completas, donde <strong>realizamos todos los estudios y pruebas diagn\u00f3sticas necesarias para evaluar y cuidar tu coraz\u00f3n<\/strong> con precisi\u00f3n. Todo ello, utilizando tecnolog\u00eda de \u00faltima generaci\u00f3n y bajo la supervisi\u00f3n de un equipo m\u00e9dico altamente cualificado.<\/span><span style=\"font-weight: 400;\"><br \/><\/span><span style=\"font-weight: 400;\"><br \/><\/span><span style=\"font-weight: 400;\"><strong>Homologados por la Generalitat de Catalu\u00f1a<\/strong>, nuestras modernas instalaciones, ubicadas a pie de calle y de f\u00e1cil acceso, est\u00e1n dise\u00f1adas para tu comodidad. Te atendemos en horario continuado, de 8:00 a 21:00 horas, para adaptarnos a tus necesidades.<\/span><span style=\"font-weight: 400;\"><br \/><\/span><span style=\"font-weight: 400;\"><br \/><\/span><span style=\"font-weight: 400;\">En INSCOR, tu salud card\u00edaca es nuestra prioridad. Te acompa\u00f1amos en cada etapa de tu cuidado y recuperaci\u00f3n.<\/span><\/p>\t\t\t\t\t\t\t\t<\/div>\n\t\t\t\t<\/div>\n\t\t\t\t<\/div>\n\t\t<div class=\"elementor-element elementor-element-5f6dfc95 e-con-full elementor-hidden-mobile e-flex e-con e-child\" data-id=\"5f6dfc95\" data-element_type=\"container\" data-e-type=\"container\">\n\t\t\t\t<div class=\"elementor-element elementor-element-7ef8108a e-transform elementor-widget elementor-widget-image\" data-id=\"7ef8108a\" data-element_type=\"widget\" data-e-type=\"widget\" id=\"heart\" data-settings=\"{&quot;motion_fx_motion_fx_scrolling&quot;:&quot;yes&quot;,&quot;motion_fx_scale_effect&quot;:&quot;yes&quot;,&quot;motion_fx_scale_speed&quot;:{&quot;unit&quot;:&quot;px&quot;,&quot;size&quot;:7,&quot;sizes&quot;:[]},&quot;motion_fx_scale_range&quot;:{&quot;unit&quot;:&quot;%&quot;,&quot;size&quot;:&quot;&quot;,&quot;sizes&quot;:{&quot;start&quot;:12,&quot;end&quot;:100}},&quot;motion_fx_motion_fx_mouse&quot;:&quot;yes&quot;,&quot;motion_fx_tilt_effect&quot;:&quot;yes&quot;,&quot;_animation&quot;:&quot;none&quot;,&quot;_transform_scale_effect&quot;:{&quot;unit&quot;:&quot;px&quot;,&quot;size&quot;:0.8,&quot;sizes&quot;:[]},&quot;motion_fx_scale_direction&quot;:&quot;out-in&quot;,&quot;motion_fx_devices&quot;:[&quot;desktop&quot;,&quot;tablet&quot;,&quot;mobile&quot;],&quot;motion_fx_tilt_speed&quot;:{&quot;unit&quot;:&quot;px&quot;,&quot;size&quot;:4,&quot;sizes&quot;:[]},&quot;_transform_scale_effect_tablet&quot;:{&quot;unit&quot;:&quot;px&quot;,&quot;size&quot;:&quot;&quot;,&quot;sizes&quot;:[]},&quot;_transform_scale_effect_mobile&quot;:{&quot;unit&quot;:&quot;px&quot;,&quot;size&quot;:&quot;&quot;,&quot;sizes&quot;:[]}}\" data-widget_type=\"image.default\">\n\t\t\t\t<div class=\"elementor-widget-container\">\n\t\t\t\t\t\t\t\t\t\t\t\t\t\t\t<img fetchpriority=\"high\" decoding=\"async\" width=\"295\" height=\"300\" src=\"https:\/\/inscorcardiologia.com\/wp-content\/uploads\/2024\/10\/logo_inscor-heart-295x300.png\" class=\"attachment-medium size-medium wp-image-1102\" alt=\"logo corazon inscor\" srcset=\"https:\/\/inscorcardiologia.com\/wp-content\/uploads\/2024\/10\/logo_inscor-heart-295x300.png 295w, https:\/\/inscorcardiologia.com\/wp-content\/uploads\/2024\/10\/logo_inscor-heart.png 500w\" sizes=\"(max-width: 295px) 100vw, 295px\" \/>\t\t\t\t\t\t\t\t\t\t\t\t\t\t\t<\/div>\n\t\t\t\t<\/div>\n\t\t\t\t<\/div>\n\t\t\t\t\t<\/div>\n\t\t\t\t<\/div>\n\t\t<div class=\"elementor-element elementor-element-da383df e-flex e-con-boxed e-con e-parent\" data-id=\"da383df\" data-element_type=\"container\" data-e-type=\"container\" data-settings=\"{&quot;background_background&quot;:&quot;classic&quot;}\">\n\t\t\t\t\t<div class=\"e-con-inner\">\n\t\t\t\t<div class=\"elementor-element elementor-element-7939c16 elementor-widget elementor-widget-heading\" data-id=\"7939c16\" data-element_type=\"widget\" data-e-type=\"widget\" data-widget_type=\"heading.default\">\n\t\t\t\t<div class=\"elementor-widget-container\">\n\t\t\t\t\t<h3 class=\"elementor-heading-title elementor-size-default\">\u00bfQu\u00e9 hacemos?<\/h3>\t\t\t\t<\/div>\n\t\t\t\t<\/div>\n\t\t\t\t<div class=\"elementor-element elementor-element-260a3ca elementor-widget elementor-widget-heading\" data-id=\"260a3ca\" data-element_type=\"widget\" data-e-type=\"widget\" data-widget_type=\"heading.default\">\n\t\t\t\t<div class=\"elementor-widget-container\">\n\t\t\t\t\t<h2 class=\"elementor-heading-title elementor-size-default\">Centro de Rehabilitaci\u00f3n Card\u00edaca en Barcelona<\/h2>\t\t\t\t<\/div>\n\t\t\t\t<\/div>\n\t\t\t\t\t<\/div>\n\t\t\t\t<\/div>\n\t\t<div class=\"elementor-element elementor-element-3b5d8f8 e-flex e-con-boxed e-con e-parent\" data-id=\"3b5d8f8\" data-element_type=\"container\" data-e-type=\"container\">\n\t\t\t\t\t<div class=\"e-con-inner\">\n\t\t<div class=\"elementor-element elementor-element-4128a8d e-con-full e-flex e-con e-child\" data-id=\"4128a8d\" data-element_type=\"container\" data-e-type=\"container\">\n\t\t\t\t<div class=\"elementor-element elementor-element-a7b0ba7 e-transform elementor-position-top elementor-invisible elementor-widget elementor-widget-image-box\" data-id=\"a7b0ba7\" data-element_type=\"widget\" data-e-type=\"widget\" data-settings=\"{&quot;_animation&quot;:&quot;fadeIn&quot;,&quot;_animation_delay&quot;:100,&quot;_transform_scale_effect_hover&quot;:{&quot;unit&quot;:&quot;px&quot;,&quot;size&quot;:1.1,&quot;sizes&quot;:[]},&quot;_transform_scale_effect_hover_tablet&quot;:{&quot;unit&quot;:&quot;px&quot;,&quot;size&quot;:&quot;&quot;,&quot;sizes&quot;:[]},&quot;_transform_scale_effect_hover_mobile&quot;:{&quot;unit&quot;:&quot;px&quot;,&quot;size&quot;:&quot;&quot;,&quot;sizes&quot;:[]}}\" data-widget_type=\"image-box.default\">\n\t\t\t\t<div class=\"elementor-widget-container\">\n\t\t\t\t\t<div class=\"elementor-image-box-wrapper\"><figure class=\"elementor-image-box-img\"><a href=\"https:\/\/inscorcardiologia.com\/centro-rehabilitacion-cardiaca-barcelona\/\" tabindex=\"-1\"><img decoding=\"async\" width=\"750\" height=\"500\" src=\"https:\/\/inscorcardiologia.com\/wp-content\/uploads\/2025\/04\/gym2.jpg\" class=\"attachment-full size-full wp-image-1913\" alt=\"\" srcset=\"https:\/\/inscorcardiologia.com\/wp-content\/uploads\/2025\/04\/gym2.jpg 750w, https:\/\/inscorcardiologia.com\/wp-content\/uploads\/2025\/04\/gym2-300x200.jpg 300w, https:\/\/inscorcardiologia.com\/wp-content\/uploads\/2025\/04\/gym2-18x12.jpg 18w\" sizes=\"(max-width: 750px) 100vw, 750px\" \/><\/a><\/figure><div class=\"elementor-image-box-content\"><h3 class=\"elementor-image-box-title\"><a href=\"https:\/\/inscorcardiologia.com\/centro-rehabilitacion-cardiaca-barcelona\/\">Rehabilitaci\u00f3n Card\u00edaca<\/a><\/h3><p class=\"elementor-image-box-description\">Un programa integral de rehabilitaci\u00f3n cardiaca, personalizado para mejorar la calidad de vida de pacientes con enfermedades cardiovasculares.<\/p><\/div><\/div>\t\t\t\t<\/div>\n\t\t\t\t<\/div>\n\t\t\t\t<\/div>\n\t\t<div class=\"elementor-element elementor-element-0f83d6e e-con-full e-flex e-con e-child\" data-id=\"0f83d6e\" data-element_type=\"container\" data-e-type=\"container\">\n\t\t\t\t<div class=\"elementor-element elementor-element-e2db0db e-transform elementor-position-top elementor-invisible elementor-widget elementor-widget-image-box\" data-id=\"e2db0db\" data-element_type=\"widget\" data-e-type=\"widget\" data-settings=\"{&quot;_animation&quot;:&quot;fadeIn&quot;,&quot;_animation_delay&quot;:100,&quot;_transform_scale_effect_hover&quot;:{&quot;unit&quot;:&quot;px&quot;,&quot;size&quot;:1.1,&quot;sizes&quot;:[]},&quot;_transform_scale_effect_hover_tablet&quot;:{&quot;unit&quot;:&quot;px&quot;,&quot;size&quot;:&quot;&quot;,&quot;sizes&quot;:[]},&quot;_transform_scale_effect_hover_mobile&quot;:{&quot;unit&quot;:&quot;px&quot;,&quot;size&quot;:&quot;&quot;,&quot;sizes&quot;:[]}}\" data-widget_type=\"image-box.default\">\n\t\t\t\t<div class=\"elementor-widget-container\">\n\t\t\t\t\t<div class=\"elementor-image-box-wrapper\"><figure class=\"elementor-image-box-img\"><a href=\"https:\/\/inscorcardiologia.com\/cardiologia-clinica-barcelona\/\" tabindex=\"-1\"><img decoding=\"async\" width=\"750\" height=\"500\" src=\"https:\/\/inscorcardiologia.com\/wp-content\/uploads\/2024\/09\/ecocardiografia.jpg\" class=\"attachment-full size-full wp-image-138\" alt=\"doctora realizando pruebas cardiol\u00f3gicas\" srcset=\"https:\/\/inscorcardiologia.com\/wp-content\/uploads\/2024\/09\/ecocardiografia.jpg 750w, https:\/\/inscorcardiologia.com\/wp-content\/uploads\/2024\/09\/ecocardiografia-300x200.jpg 300w\" sizes=\"(max-width: 750px) 100vw, 750px\" \/><\/a><\/figure><div class=\"elementor-image-box-content\"><h3 class=\"elementor-image-box-title\"><a href=\"https:\/\/inscorcardiologia.com\/cardiologia-clinica-barcelona\/\">Cardiolog\u00eda Cl\u00ednica<\/a><\/h3><p class=\"elementor-image-box-description\">Prevenci\u00f3n, diagn\u00f3stico y tratamiento de enfermedades cardiovasculares, con atenci\u00f3n personalizada y de alta calidad.<\/p><\/div><\/div>\t\t\t\t<\/div>\n\t\t\t\t<\/div>\n\t\t\t\t<\/div>\n\t\t<div class=\"elementor-element elementor-element-1cce60a e-con-full e-flex e-con e-child\" data-id=\"1cce60a\" data-element_type=\"container\" data-e-type=\"container\">\n\t\t\t\t<div class=\"elementor-element elementor-element-57f137c e-transform elementor-position-top elementor-invisible elementor-widget elementor-widget-image-box\" data-id=\"57f137c\" data-element_type=\"widget\" data-e-type=\"widget\" data-settings=\"{&quot;_animation&quot;:&quot;fadeIn&quot;,&quot;_animation_delay&quot;:100,&quot;_transform_scale_effect_hover&quot;:{&quot;unit&quot;:&quot;px&quot;,&quot;size&quot;:1.1,&quot;sizes&quot;:[]},&quot;_transform_scale_effect_hover_tablet&quot;:{&quot;unit&quot;:&quot;px&quot;,&quot;size&quot;:&quot;&quot;,&quot;sizes&quot;:[]},&quot;_transform_scale_effect_hover_mobile&quot;:{&quot;unit&quot;:&quot;px&quot;,&quot;size&quot;:&quot;&quot;,&quot;sizes&quot;:[]}}\" data-widget_type=\"image-box.default\">\n\t\t\t\t<div class=\"elementor-widget-container\">\n\t\t\t\t\t<div class=\"elementor-image-box-wrapper\"><figure class=\"elementor-image-box-img\"><a href=\"https:\/\/inscorcardiologia.com\/cardiologia-deportiva-barcelona\/\" tabindex=\"-1\"><img loading=\"lazy\" decoding=\"async\" width=\"750\" height=\"500\" src=\"https:\/\/inscorcardiologia.com\/wp-content\/uploads\/2024\/09\/esgoespirometria.jpg\" class=\"attachment-full size-full wp-image-143\" alt=\"Imagen esgoespirometria doctora y deportista\" srcset=\"https:\/\/inscorcardiologia.com\/wp-content\/uploads\/2024\/09\/esgoespirometria.jpg 750w, https:\/\/inscorcardiologia.com\/wp-content\/uploads\/2024\/09\/esgoespirometria-300x200.jpg 300w\" sizes=\"(max-width: 750px) 100vw, 750px\" \/><\/a><\/figure><div class=\"elementor-image-box-content\"><h3 class=\"elementor-image-box-title\"><a href=\"https:\/\/inscorcardiologia.com\/cardiologia-deportiva-barcelona\/\">Cardiolog\u00eda Deportiva<\/a><\/h3><p class=\"elementor-image-box-description\">Prevenci\u00f3n y cuidado del coraz\u00f3n en deportistas, con evaluaciones completas y tratamientos para optimizar el rendimiento.<\/p><\/div><\/div>\t\t\t\t<\/div>\n\t\t\t\t<\/div>\n\t\t\t\t<\/div>\n\t\t\t\t\t<\/div>\n\t\t\t\t<\/div>\n\t\t<div class=\"elementor-element elementor-element-1a65a41 e-flex e-con-boxed e-con e-parent\" data-id=\"1a65a41\" data-element_type=\"container\" data-e-type=\"container\" data-settings=\"{&quot;background_background&quot;:&quot;video&quot;,&quot;background_video_link&quot;:&quot;https:\\\/\\\/youtu.be\\\/w1D_OdKflak&quot;,&quot;background_play_on_mobile&quot;:&quot;yes&quot;}\">\n\t\t\t\t\t<div class=\"e-con-inner\">\n\t\t<div class=\"elementor-background-video-container\">\n\t\t\t\t\t\t\t<div class=\"elementor-background-video-embed\" role=\"presentation\"><\/div>\n\t\t\t\t\t\t<\/div>\t\t\t<\/div>\n\t\t\t\t<\/div>\n\t\t<div class=\"elementor-element elementor-element-7acddb7 e-flex e-con-boxed elementor-invisible e-con e-parent\" data-id=\"7acddb7\" data-element_type=\"container\" data-e-type=\"container\" data-settings=\"{&quot;animation&quot;:&quot;lightSpeedIn&quot;}\">\n\t\t\t\t\t<div class=\"e-con-inner\">\n\t\t<div class=\"elementor-element elementor-element-778c084 e-con-full e-flex e-con e-child\" data-id=\"778c084\" data-element_type=\"container\" data-e-type=\"container\" data-settings=\"{&quot;animation&quot;:&quot;none&quot;}\">\n\t\t\t\t<div class=\"elementor-element elementor-element-5e8b100 elementor-widget elementor-widget-heading\" data-id=\"5e8b100\" data-element_type=\"widget\" data-e-type=\"widget\" data-widget_type=\"heading.default\">\n\t\t\t\t<div class=\"elementor-widget-container\">\n\t\t\t\t\t<h4 class=\"elementor-heading-title elementor-size-default\">\u00bfQu\u00e9 podemos hacer por ti?<\/h4>\t\t\t\t<\/div>\n\t\t\t\t<\/div>\n\t\t\t\t<div class=\"elementor-element elementor-element-1594dc0 elementor-widget elementor-widget-text-editor\" data-id=\"1594dc0\" data-element_type=\"widget\" data-e-type=\"widget\" data-widget_type=\"text-editor.default\">\n\t\t\t\t<div class=\"elementor-widget-container\">\n\t\t\t\t\t\t\t\t\t<p>En <strong>INSCOR Barcelona<\/strong>, te ofrecemos un enfoque integral para el cuidado de tu salud cardiovascular. Desde la prevenci\u00f3n y diagn\u00f3stico hasta los tratamientos m\u00e1s avanzados para <strong>enfermedades cardiovasculares<\/strong>, nuestro equipo de expertos est\u00e1 aqu\u00ed para brindarte atenci\u00f3n personalizada.<\/p>\t\t\t\t\t\t\t\t<\/div>\n\t\t\t\t<\/div>\n\t\t\t\t<\/div>\n\t\t<div class=\"elementor-element elementor-element-55fdeab e-con-full e-flex e-con e-child\" data-id=\"55fdeab\" data-element_type=\"container\" data-e-type=\"container\" data-settings=\"{&quot;background_background&quot;:&quot;classic&quot;,&quot;animation&quot;:&quot;none&quot;}\">\n\t\t\t\t<\/div>\n\t\t\t\t\t<\/div>\n\t\t\t\t<\/div>\n\t\t<div class=\"elementor-element elementor-element-ce8735f e-con-full e-flex e-con e-parent\" data-id=\"ce8735f\" data-element_type=\"container\" data-e-type=\"container\" data-settings=\"{&quot;background_background&quot;:&quot;classic&quot;}\">\n\t\t<div class=\"elementor-element elementor-element-3ae71d6 e-con-full e-flex e-con e-child\" data-id=\"3ae71d6\" data-element_type=\"container\" data-e-type=\"container\">\n\t\t\t\t<div class=\"elementor-element elementor-element-75d17d0 elementor-widget elementor-widget-google_maps\" data-id=\"75d17d0\" data-element_type=\"widget\" data-e-type=\"widget\" data-widget_type=\"google_maps.default\">\n\t\t\t\t<div class=\"elementor-widget-container\">\n\t\t\t\t\t\t\t<div class=\"elementor-custom-embed\">\n\t\t\t<iframe loading=\"lazy\"\n\t\t\t\t\tsrc=\"https:\/\/maps.google.com\/maps?q=INSCOR&#038;t=m&#038;z=14&#038;output=embed&#038;iwloc=near\"\n\t\t\t\t\ttitle=\"INSCOR\"\n\t\t\t\t\taria-label=\"INSCOR\"\n\t\t\t><\/iframe>\n\t\t<\/div>\n\t\t\t\t\t\t<\/div>\n\t\t\t\t<\/div>\n\t\t\t\t<\/div>\n\t\t\t\t<\/div>\n\t\t\t\t<\/div>\n\t\t","protected":false},"excerpt":{"rendered":"<p>INSCOR: Salud Cardiovascular y Rehabilitaci\u00f3n Card\u00edaca en Barcelona Instituto Salud Cardiovascular y Rehabilitaci\u00f3n Card\u00edaca Cuidamos tu coraz\u00f3n para que vivas [&hellip;]<\/p>\n","protected":false},"author":1,"featured_media":988,"parent":0,"menu_order":0,"comment_status":"closed","ping_status":"closed","template":"","meta":{"site-sidebar-layout":"no-sidebar","site-content-layout":"","ast-site-content-layout":"full-width-container","site-content-style":"default","site-sidebar-style":"default","ast-global-header-display":"","ast-banner-title-visibility":"","ast-main-header-display":"","ast-hfb-above-header-display":"","ast-hfb-below-header-display":"","ast-hfb-mobile-header-display":"","site-post-title":"disabled","ast-breadcrumbs-content":"","ast-featured-img":"disabled","footer-sml-layout":"","ast-disable-related-posts":"","theme-transparent-header-meta":"","adv-header-id-meta":"","stick-header-meta":"","header-above-stick-meta":"","header-main-stick-meta":"","header-below-stick-meta":"","astra-migrate-meta-layouts":"default","ast-page-background-enabled":"default","ast-page-background-meta":{"desktop":{"background-color":"var(--ast-global-color-4)","background-image":"","background-repeat":"repeat","background-position":"center center","background-size":"auto","background-attachment":"scroll","background-type":"","background-media":"","overlay-type":"","overlay-color":"","overlay-opacity":"","overlay-gradient":""},"tablet":{"background-color":"","background-image":"","background-repeat":"repeat","background-position":"center center","background-size":"auto","background-attachment":"scroll","background-type":"","background-media":"","overlay-type":"","overlay-color":"","overlay-opacity":"","overlay-gradient":""},"mobile":{"background-color":"","background-image":"","background-repeat":"repeat","background-position":"center center","background-size":"auto","background-attachment":"scroll","background-type":"","background-media":"","overlay-type":"","overlay-color":"","overlay-opacity":"","overlay-gradient":""}},"ast-content-background-meta":{"desktop":{"background-color":"var(--ast-global-color-5)","background-image":"","background-repeat":"repeat","background-position":"center center","background-size":"auto","background-attachment":"scroll","background-type":"","background-media":"","overlay-type":"","overlay-color":"","overlay-opacity":"","overlay-gradient":""},"tablet":{"background-color":"var(--ast-global-color-5)","background-image":"","background-repeat":"repeat","background-position":"center center","background-size":"auto","background-attachment":"scroll","background-type":"","background-media":"","overlay-type":"","overlay-color":"","overlay-opacity":"","overlay-gradient":""},"mobile":{"background-color":"var(--ast-global-color-5)","background-image":"","background-repeat":"repeat","background-position":"center center","background-size":"auto","background-attachment":"scroll","background-type":"","background-media":"","overlay-type":"","overlay-color":"","overlay-opacity":"","overlay-gradient":""}},"_joinchat":[],"footnotes":""},"class_list":["post-119","page","type-page","status-publish","has-post-thumbnail","hentry"],"_links":{"self":[{"href":"https:\/\/inscorcardiologia.com\/en\/wp-json\/wp\/v2\/pages\/119","targetHints":{"allow":["GET"]}}],"collection":[{"href":"https:\/\/inscorcardiologia.com\/en\/wp-json\/wp\/v2\/pages"}],"about":[{"href":"https:\/\/inscorcardiologia.com\/en\/wp-json\/wp\/v2\/types\/page"}],"author":[{"embeddable":true,"href":"https:\/\/inscorcardiologia.com\/en\/wp-json\/wp\/v2\/users\/1"}],"replies":[{"embeddable":true,"href":"https:\/\/inscorcardiologia.com\/en\/wp-json\/wp\/v2\/comments?post=119"}],"version-history":[{"count":203,"href":"https:\/\/inscorcardiologia.com\/en\/wp-json\/wp\/v2\/pages\/119\/revisions"}],"predecessor-version":[{"id":2166,"href":"https:\/\/inscorcardiologia.com\/en\/wp-json\/wp\/v2\/pages\/119\/revisions\/2166"}],"wp:featuredmedia":[{"embeddable":true,"href":"https:\/\/inscorcardiologia.com\/en\/wp-json\/wp\/v2\/media\/988"}],"wp:attachment":[{"href":"https:\/\/inscorcardiologia.com\/en\/wp-json\/wp\/v2\/media?parent=119"}],"curies":[{"name":"wp","href":"https:\/\/api.w.org\/{rel}","templated":true}]}}