{"id":1736,"date":"2025-03-17T14:56:14","date_gmt":"2025-03-17T14:56:14","guid":{"rendered":"https:\/\/inscorcardiologia.com\/?page_id=1736"},"modified":"2025-11-28T11:38:30","modified_gmt":"2025-11-28T11:38:30","slug":"visita-control-cardiologico","status":"publish","type":"page","link":"https:\/\/inscorcardiologia.com\/en\/visita-control-cardiologico\/","title":{"rendered":"Cardiological Control Visit"},"content":{"rendered":"\t\t<div data-elementor-type=\"wp-page\" data-elementor-id=\"1736\" class=\"elementor elementor-1736\" data-elementor-post-type=\"page\">\n\t\t\t\t<div class=\"elementor-element elementor-element-97b47b0 e-flex e-con-boxed e-con e-parent\" data-id=\"97b47b0\" data-element_type=\"container\" data-e-type=\"container\" data-settings=\"{&quot;background_background&quot;:&quot;classic&quot;}\">\n\t\t\t\t\t<div class=\"e-con-inner\">\n\t\t\t\t\t<\/div>\n\t\t\t\t<\/div>\n\t\t<div class=\"elementor-element elementor-element-7edc27b e-flex e-con-boxed e-con e-parent\" data-id=\"7edc27b\" data-element_type=\"container\" data-e-type=\"container\">\n\t\t\t\t\t<div class=\"e-con-inner\">\n\t\t<div class=\"elementor-element elementor-element-9383f4c e-con-full e-flex e-con e-child\" data-id=\"9383f4c\" data-element_type=\"container\" data-e-type=\"container\">\n\t\t\t\t<div class=\"elementor-element elementor-element-08b146e elementor-widget elementor-widget-heading\" data-id=\"08b146e\" data-element_type=\"widget\" data-e-type=\"widget\" data-widget_type=\"heading.default\">\n\t\t\t\t<div class=\"elementor-widget-container\">\n\t\t\t\t\t<h1 class=\"elementor-heading-title elementor-size-default\">Agenda tu cita hoy mismo:\u200b<\/h1>\t\t\t\t<\/div>\n\t\t\t\t<\/div>\n\t\t\t\t<div class=\"elementor-element elementor-element-6b8e951 elementor-widget elementor-widget-heading\" data-id=\"6b8e951\" data-element_type=\"widget\" data-e-type=\"widget\" data-widget_type=\"heading.default\">\n\t\t\t\t<div class=\"elementor-widget-container\">\n\t\t\t\t\t<h3 class=\"elementor-heading-title elementor-size-default\">Cuidamos tu coraz\u00f3n para que vivas m\u00e1s y mejor.<\/h3>\t\t\t\t<\/div>\n\t\t\t\t<\/div>\n\t\t\t\t<div class=\"elementor-element elementor-element-fd01399 elementor-widget elementor-widget-text-editor\" data-id=\"fd01399\" data-element_type=\"widget\" data-e-type=\"widget\" data-widget_type=\"text-editor.default\">\n\t\t\t\t<div class=\"elementor-widget-container\">\n\t\t\t\t\t\t\t\t\t<p>En INSCOR, somos especialistas en el cuidado del coraz\u00f3n. Ofrecemos un enfoque personalizado y las \u00faltimas tecnolog\u00edas en diagn\u00f3stico y tratamiento para cuidar de tu bienestar.<\/p><h4 data-pm-slice=\"1 3 []\"><span style=\"color: #ff0000;\">\u00bfPor qu\u00e9 es importante?<\/span><\/h4><ul><li>Detectar a tiempo cualquier cambio en tu salud cardiovascular.<\/li><li>Prevenir problemas antes de que aparezcan.<\/li><li>Garantizar tu bienestar a largo plazo.<\/li><\/ul>\t\t\t\t\t\t\t\t<\/div>\n\t\t\t\t<\/div>\n\t\t\t\t<div class=\"elementor-element elementor-element-5a8c806 elementor-widget elementor-widget-heading\" data-id=\"5a8c806\" data-element_type=\"widget\" data-e-type=\"widget\" data-widget_type=\"heading.default\">\n\t\t\t\t<div class=\"elementor-widget-container\">\n\t\t\t\t\t<h4 class=\"elementor-heading-title elementor-size-default\">Al completar el formulario, nuestro equipo contactar\u00e1 contigo para verificar y confirmar tu cita.\n<\/h4>\t\t\t\t<\/div>\n\t\t\t\t<\/div>\n\t\t\t\t<\/div>\n\t\t<div class=\"elementor-element elementor-element-713b353 e-con-full e-flex e-con e-child\" data-id=\"713b353\" data-element_type=\"container\" data-e-type=\"container\" data-settings=\"{&quot;background_background&quot;:&quot;classic&quot;}\">\n\t\t\t\t<div class=\"elementor-element elementor-element-6685819 elementor-widget elementor-widget-image\" data-id=\"6685819\" data-element_type=\"widget\" data-e-type=\"widget\" data-widget_type=\"image.default\">\n\t\t\t\t<div class=\"elementor-widget-container\">\n\t\t\t\t\t\t\t\t\t\t\t\t\t\t\t<img decoding=\"async\" width=\"250\" height=\"74\" src=\"https:\/\/inscorcardiologia.com\/wp-content\/uploads\/2024\/09\/cropped-logo_inscor.png\" class=\"attachment-large size-large wp-image-31\" alt=\"logo inscor rojo\" srcset=\"https:\/\/inscorcardiologia.com\/wp-content\/uploads\/2024\/09\/cropped-logo_inscor.png 250w, https:\/\/inscorcardiologia.com\/wp-content\/uploads\/2024\/09\/cropped-logo_inscor-175x52.png 175w\" sizes=\"(max-width: 250px) 100vw, 250px\" \/>\t\t\t\t\t\t\t\t\t\t\t\t\t\t\t<\/div>\n\t\t\t\t<\/div>\n\t\t\t\t<div class=\"elementor-element elementor-element-3746b72 elementor-button-align-stretch elementor-widget elementor-widget-form\" data-id=\"3746b72\" data-element_type=\"widget\" data-e-type=\"widget\" data-settings=\"{&quot;step_next_label&quot;:&quot;SIGUIENTE&quot;,&quot;step_previous_label&quot;:&quot;ATR\\u00c1S&quot;,&quot;button_width&quot;:&quot;100&quot;,&quot;step_type&quot;:&quot;number_text&quot;,&quot;step_icon_shape&quot;:&quot;circle&quot;}\" data-widget_type=\"form.default\">\n\t\t\t\t<div class=\"elementor-widget-container\">\n\t\t\t\t\t\t\t<form class=\"elementor-form\" method=\"post\" name=\"FORMULARIO TALLER RCP\" aria-label=\"FORMULARIO TALLER RCP\">\n\t\t\t<input type=\"hidden\" name=\"post_id\" value=\"1736\"\/>\n\t\t\t<input type=\"hidden\" name=\"form_id\" value=\"3746b72\"\/>\n\t\t\t<input type=\"hidden\" name=\"referer_title\" value=\"Visita Control Cardiol\u00f3gico - INSCOR Centro Rehabilitaci&oacute;n Card&iacute;aca en Barcelona\" \/>\n\n\t\t\t\t\t\t\t<input type=\"hidden\" name=\"queried_id\" value=\"1736\"\/>\n\t\t\t\n\t\t\t<div class=\"elementor-form-fields-wrapper elementor-labels-above\">\n\t\t\t\t\t\t\t\t<div class=\"elementor-field-type-date elementor-field-group elementor-column elementor-field-group-field_92d2033 elementor-col-100 elementor-field-required\">\n\t\t\t\t\t\t\t\t\t\t\t\t<label for=\"form-field-field_92d2033\" class=\"elementor-field-label\">\n\t\t\t\t\t\t\t\tSelecciona una fecha:\t\t\t\t\t\t\t<\/label>\n\t\t\t\t\t\t\n\t\t<input type=\"date\" name=\"form_fields[field_92d2033]\" id=\"form-field-field_92d2033\" class=\"elementor-field elementor-size-sm  elementor-field-textual elementor-date-field\" placeholder=\"dd\/mm\/aa*\" required=\"required\" pattern=\"[0-9]{4}-[0-9]{2}-[0-9]{2}\">\n\t\t\t\t\t\t<\/div>\n\t\t\t\t\t\t\t\t<div class=\"elementor-field-type-text elementor-field-group elementor-column elementor-field-group-name elementor-col-50 elementor-field-required\">\n\t\t\t\t\t\t\t\t\t\t\t\t\t<input size=\"1\" type=\"text\" name=\"form_fields[name]\" id=\"form-field-name\" class=\"elementor-field elementor-size-sm  elementor-field-textual\" placeholder=\"Nombre*\" required=\"required\">\n\t\t\t\t\t\t\t\t\t\t\t<\/div>\n\t\t\t\t\t\t\t\t<div class=\"elementor-field-type-text elementor-field-group elementor-column elementor-field-group-field_ca219b8 elementor-col-50 elementor-field-required\">\n\t\t\t\t\t\t\t\t\t\t\t\t\t<input size=\"1\" type=\"text\" name=\"form_fields[field_ca219b8]\" id=\"form-field-field_ca219b8\" class=\"elementor-field elementor-size-sm  elementor-field-textual\" placeholder=\"Apellido*\" required=\"required\">\n\t\t\t\t\t\t\t\t\t\t\t<\/div>\n\t\t\t\t\t\t\t\t<div class=\"elementor-field-type-email elementor-field-group elementor-column elementor-field-group-email elementor-col-50 elementor-field-required\">\n\t\t\t\t\t\t\t\t\t\t\t\t\t<input size=\"1\" type=\"email\" name=\"form_fields[email]\" id=\"form-field-email\" class=\"elementor-field elementor-size-sm  elementor-field-textual\" placeholder=\"Email*\" required=\"required\">\n\t\t\t\t\t\t\t\t\t\t\t<\/div>\n\t\t\t\t\t\t\t\t<div class=\"elementor-field-type-tel elementor-field-group elementor-column elementor-field-group-field_e396c64 elementor-col-50 elementor-field-required\">\n\t\t\t\t\t\t\t<input size=\"1\" type=\"tel\" name=\"form_fields[field_e396c64]\" id=\"form-field-field_e396c64\" class=\"elementor-field elementor-size-sm  elementor-field-textual\" placeholder=\"Tel\u00e9fono*\" required=\"required\" pattern=\"[0-9()#&amp;+*-=.]+\" title=\"S\u00f3lo se aceptan n\u00fameros y caracteres telef\u00f3nicos (#, -, *, etc).\">\n\n\t\t\t\t\t\t<\/div>\n\t\t\t\t\t\t\t\t<div class=\"elementor-field-type-text elementor-field-group elementor-column elementor-field-group-field_4cf0510 elementor-col-50\">\n\t\t\t\t\t\t\t\t\t\t\t\t\t<input size=\"1\" type=\"text\" name=\"form_fields[field_4cf0510]\" id=\"form-field-field_4cf0510\" class=\"elementor-field elementor-size-sm  elementor-field-textual\" placeholder=\"Mutua\">\n\t\t\t\t\t\t\t\t\t\t\t<\/div>\n\t\t\t\t\t\t\t\t<div class=\"elementor-field-type-text elementor-field-group elementor-column elementor-field-group-field_6f04901 elementor-col-50\">\n\t\t\t\t\t\t\t\t\t\t\t\t\t<input size=\"1\" type=\"text\" name=\"form_fields[field_6f04901]\" id=\"form-field-field_6f04901\" class=\"elementor-field elementor-size-sm  elementor-field-textual\" placeholder=\"Edad\">\n\t\t\t\t\t\t\t\t\t\t\t<\/div>\n\t\t\t\t\t\t\t\t<div class=\"elementor-field-type-text elementor-field-group elementor-column elementor-field-group-field_e49bb61 elementor-col-100\">\n\t\t\t\t\t\t\t\t\t\t\t\t\t<input size=\"1\" type=\"text\" name=\"form_fields[field_e49bb61]\" id=\"form-field-field_e49bb61\" class=\"elementor-field elementor-size-sm  elementor-field-textual\" placeholder=\"\u00bfEn qu\u00e9 podemos ayudarte?\">\n\t\t\t\t\t\t\t\t\t\t\t<\/div>\n\t\t\t\t\t\t\t\t<div class=\"elementor-field-type-select elementor-field-group elementor-column elementor-field-group-field_da60114 elementor-col-100\">\n\t\t\t\t\t\t\t\t\t\t\t\t<label for=\"form-field-field_da60114\" class=\"elementor-field-label\">\n\t\t\t\t\t\t\t\t\u00bfLe interesa hacerse un chequeo cardiol\u00f3gico?\t\t\t\t\t\t\t<\/label>\n\t\t\t\t\t\t\t\t<div class=\"elementor-field elementor-select-wrapper remove-before \">\n\t\t\t<div class=\"select-caret-down-wrapper\">\n\t\t\t\t<svg aria-hidden=\"true\" class=\"e-font-icon-svg e-eicon-caret-down\" viewBox=\"0 0 571.4 571.4\" xmlns=\"http:\/\/www.w3.org\/2000\/svg\"><path d=\"M571 393Q571 407 561 418L311 668Q300 679 286 679T261 668L11 418Q0 407 0 393T11 368 36 357H536Q550 357 561 368T571 393Z\"><\/path><\/svg>\t\t\t<\/div>\n\t\t\t<select name=\"form_fields[field_da60114]\" id=\"form-field-field_da60114\" class=\"elementor-field-textual elementor-size-sm\">\n\t\t\t\t\t\t\t\t\t<option value=\"SI\">SI<\/option>\n\t\t\t\t\t\t\t\t\t<option value=\"NO\">NO<\/option>\n\t\t\t\t\t\t\t<\/select>\n\t\t<\/div>\n\t\t\t\t\t\t<\/div>\n\t\t\t\t\t\t\t\t<div class=\"elementor-field-type-text\">\n\t\t\t\t\t<input size=\"1\" type=\"text\" name=\"form_fields[field_d90ba5c]\" id=\"form-field-field_d90ba5c\" class=\"elementor-field elementor-size-sm \" style=\"display:none !important;\">\t\t\t\t<\/div>\n\t\t\t\t\t\t\t\t<div class=\"elementor-field-type-html elementor-field-group elementor-column elementor-field-group-field_e2302a8 elementor-col-100\">\n\t\t\t\t\t<p style=\"font-size:10px; line-height:1.4;\">\n  INSTITUT DE SALUT CARDIOVASCULAR I REHABILITACI\u00d3 CARDIACA , S.L. como responsable del tratamiento tratar\u00e1 tus datos con la finalidad de dar de gestionar tu reserva de cita a trav\u00e9s de nuestra web. Puedes acceder, rectificar y suprimir tus datos, as\u00ed como ejercer otros derechos consultando la informaci\u00f3n adicional y detallada sobre protecci\u00f3n de datos en nuestra \n  <a href=\"https:\/\/inscorcardiologia.com\/politica-de-politica-de-privacidad\/\" target=\"_blank\">Pol\u00edtica de Privacidad<\/a>.\n<\/p>\n\t\t\t\t<\/div>\n\t\t\t\t\t\t\t\t<div class=\"elementor-field-type-acceptance elementor-field-group elementor-column elementor-field-group-field_96e3000 elementor-col-100 elementor-field-required\">\n\t\t\t\t\t\t\t<div class=\"elementor-field-subgroup\">\n\t\t\t<span class=\"elementor-field-option\">\n\t\t\t\t<input type=\"checkbox\" name=\"form_fields[field_96e3000]\" id=\"form-field-field_96e3000\" class=\"elementor-field elementor-size-sm  elementor-acceptance-field\" required=\"required\">\n\t\t\t\t<label for=\"form-field-field_96e3000\">He le\u00eddo y acepto las condiciones contenidas en la pol\u00edtica de privacidad sobre el tratamiento de mis datos para gestionar mi\npetici\u00f3n de cita.<\/label>\t\t\t<\/span>\n\t\t<\/div>\n\t\t\t\t\t\t<\/div>\n\t\t\t\t\t\t\t\t<div class=\"elementor-field-group elementor-column elementor-field-type-submit elementor-col-100 e-form__buttons\">\n\t\t\t\t\t<button class=\"elementor-button elementor-size-sm\" type=\"submit\">\n\t\t\t\t\t\t<span class=\"elementor-button-content-wrapper\">\n\t\t\t\t\t\t\t\t\t\t\t\t\t\t\t\t\t\t\t\t\t\t<span class=\"elementor-button-text\">SOLICITAR CITA<\/span>\n\t\t\t\t\t\t\t\t\t\t\t\t\t<\/span>\n\t\t\t\t\t<\/button>\n\t\t\t\t<\/div>\n\t\t\t<\/div>\n\t\t<\/form>\n\t\t\t\t\t\t<\/div>\n\t\t\t\t<\/div>\n\t\t\t\t<\/div>\n\t\t\t\t\t<\/div>\n\t\t\t\t<\/div>\n\t\t\t\t<\/div>\n\t\t","protected":false},"excerpt":{"rendered":"<p>Agenda tu cita hoy mismo:\u200b Cuidamos tu coraz\u00f3n para que vivas m\u00e1s y mejor. En INSCOR, somos especialistas en el [&hellip;]<\/p>\n","protected":false},"author":1,"featured_media":391,"parent":0,"menu_order":0,"comment_status":"closed","ping_status":"closed","template":"","meta":{"site-sidebar-layout":"no-sidebar","site-content-layout":"","ast-site-content-layout":"full-width-container","site-content-style":"default","site-sidebar-style":"default","ast-global-header-display":"","ast-banner-title-visibility":"","ast-main-header-display":"","ast-hfb-above-header-display":"","ast-hfb-below-header-display":"","ast-hfb-mobile-header-display":"","site-post-title":"disabled","ast-breadcrumbs-content":"","ast-featured-img":"disabled","footer-sml-layout":"","ast-disable-related-posts":"","theme-transparent-header-meta":"","adv-header-id-meta":"","stick-header-meta":"","header-above-stick-meta":"","header-main-stick-meta":"","header-below-stick-meta":"","astra-migrate-meta-layouts":"default","ast-page-background-enabled":"default","ast-page-background-meta":{"desktop":{"background-color":"var(--ast-global-color-4)","background-image":"","background-repeat":"repeat","background-position":"center center","background-size":"auto","background-attachment":"scroll","background-type":"","background-media":"","overlay-type":"","overlay-color":"","overlay-opacity":"","overlay-gradient":""},"tablet":{"background-color":"","background-image":"","background-repeat":"repeat","background-position":"center center","background-size":"auto","background-attachment":"scroll","background-type":"","background-media":"","overlay-type":"","overlay-color":"","overlay-opacity":"","overlay-gradient":""},"mobile":{"background-color":"","background-image":"","background-repeat":"repeat","background-position":"center center","background-size":"auto","background-attachment":"scroll","background-type":"","background-media":"","overlay-type":"","overlay-color":"","overlay-opacity":"","overlay-gradient":""}},"ast-content-background-meta":{"desktop":{"background-color":"var(--ast-global-color-5)","background-image":"","background-repeat":"repeat","background-position":"center center","background-size":"auto","background-attachment":"scroll","background-type":"","background-media":"","overlay-type":"","overlay-color":"","overlay-opacity":"","overlay-gradient":""},"tablet":{"background-color":"var(--ast-global-color-5)","background-image":"","background-repeat":"repeat","background-position":"center center","background-size":"auto","background-attachment":"scroll","background-type":"","background-media":"","overlay-type":"","overlay-color":"","overlay-opacity":"","overlay-gradient":""},"mobile":{"background-color":"var(--ast-global-color-5)","background-image":"","background-repeat":"repeat","background-position":"center center","background-size":"auto","background-attachment":"scroll","background-type":"","background-media":"","overlay-type":"","overlay-color":"","overlay-opacity":"","overlay-gradient":""}},"_joinchat":[],"footnotes":""},"class_list":["post-1736","page","type-page","status-publish","has-post-thumbnail","hentry"],"_links":{"self":[{"href":"https:\/\/inscorcardiologia.com\/en\/wp-json\/wp\/v2\/pages\/1736","targetHints":{"allow":["GET"]}}],"collection":[{"href":"https:\/\/inscorcardiologia.com\/en\/wp-json\/wp\/v2\/pages"}],"about":[{"href":"https:\/\/inscorcardiologia.com\/en\/wp-json\/wp\/v2\/types\/page"}],"author":[{"embeddable":true,"href":"https:\/\/inscorcardiologia.com\/en\/wp-json\/wp\/v2\/users\/1"}],"replies":[{"embeddable":true,"href":"https:\/\/inscorcardiologia.com\/en\/wp-json\/wp\/v2\/comments?post=1736"}],"version-history":[{"count":91,"href":"https:\/\/inscorcardiologia.com\/en\/wp-json\/wp\/v2\/pages\/1736\/revisions"}],"predecessor-version":[{"id":2338,"href":"https:\/\/inscorcardiologia.com\/en\/wp-json\/wp\/v2\/pages\/1736\/revisions\/2338"}],"wp:featuredmedia":[{"embeddable":true,"href":"https:\/\/inscorcardiologia.com\/en\/wp-json\/wp\/v2\/media\/391"}],"wp:attachment":[{"href":"https:\/\/inscorcardiologia.com\/en\/wp-json\/wp\/v2\/media?parent=1736"}],"curies":[{"name":"wp","href":"https:\/\/api.w.org\/{rel}","templated":true}]}}