{"id":643,"date":"2024-09-26T08:34:27","date_gmt":"2024-09-26T08:34:27","guid":{"rendered":"https:\/\/inscorcardiologia.com\/?page_id=643"},"modified":"2025-04-07T10:11:15","modified_gmt":"2025-04-07T10:11:15","slug":"mutuas-cardologia","status":"publish","type":"page","link":"https:\/\/inscorcardiologia.com\/en\/mutuas-cardologia\/","title":{"rendered":"MUTUAS"},"content":{"rendered":"<div data-elementor-type=\"wp-page\" data-elementor-id=\"643\" class=\"elementor elementor-643\" data-elementor-post-type=\"page\">\n\t\t\t\t<div class=\"elementor-element elementor-element-c966731 e-con-full e-flex e-con e-parent\" data-id=\"c966731\" data-element_type=\"container\" data-e-type=\"container\" data-settings=\"{&quot;background_background&quot;:&quot;classic&quot;}\">\n\t\t\t\t<div class=\"elementor-element elementor-element-2ecc41d2 elementor-widget elementor-widget-heading\" data-id=\"2ecc41d2\" data-element_type=\"widget\" data-e-type=\"widget\" data-widget_type=\"heading.default\">\n\t\t\t\t<div class=\"elementor-widget-container\">\n\t\t\t\t\t<h2 class=\"elementor-heading-title elementor-size-default\">Mutuals<\/h2>\t\t\t\t<\/div>\n\t\t\t\t<\/div>\n\t\t\t\t<\/div>\n\t\t<div class=\"elementor-element elementor-element-1fb5d863 e-flex e-con-boxed e-con e-parent\" data-id=\"1fb5d863\" data-element_type=\"container\" data-e-type=\"container\" data-settings=\"{&quot;background_background&quot;:&quot;classic&quot;}\">\n\t\t\t\t\t<div class=\"e-con-inner\">\n\t\t<div class=\"elementor-element elementor-element-1059f0f3 e-con-full e-flex e-con e-child\" data-id=\"1059f0f3\" data-element_type=\"container\" data-e-type=\"container\">\n\t\t\t\t<div class=\"elementor-element elementor-element-19c0d938 elementor-widget elementor-widget-heading\" data-id=\"19c0d938\" data-element_type=\"widget\" data-e-type=\"widget\" data-widget_type=\"heading.default\">\n\t\t\t\t<div class=\"elementor-widget-container\">\n\t\t\t\t\t<h1 class=\"elementor-heading-title elementor-size-default\">Mutual Medical Associations at INSCOR: Cardiovascular Health within Everyone's Reach<\/h1>\t\t\t\t<\/div>\n\t\t\t\t<\/div>\n\t\t\t\t<div class=\"elementor-element elementor-element-5a3efb65 elementor-widget elementor-widget-heading\" data-id=\"5a3efb65\" data-element_type=\"widget\" data-e-type=\"widget\" data-widget_type=\"heading.default\">\n\t\t\t\t<div class=\"elementor-widget-container\">\n\t\t\t\t\t<h3 class=\"elementor-heading-title elementor-size-default\">Collaboration with the Main Medical Mutual Insurance Companies<\/h3>\t\t\t\t<\/div>\n\t\t\t\t<\/div>\n\t\t\t\t<div class=\"elementor-element elementor-element-4688d2e9 elementor-widget elementor-widget-text-editor\" data-id=\"4688d2e9\" data-element_type=\"widget\" data-e-type=\"widget\" data-widget_type=\"text-editor.default\">\n\t\t\t\t<div class=\"elementor-widget-container\">\n\t\t\t\t\t\t\t\t\t<p>At INSCOR, we are committed to offering a service of <strong>comprehensive cardiovascular health, accessible to all our patients<\/strong>. As a leading medical centre in Barcelona, we work with the country's main mutual medical insurance companies, ensuring that our cardiology services are available to those who need them most. We collaborate with a large number of mutual insurance companies providing personalised solutions for the prevention, diagnosis and treatment of cardiovascular diseases.<\/p>\n<p>Our team of experts, led by the best cardiologists in Barcelona, specialises in providing quality care, tailored to the needs of each patient. Whether you are looking for preventive check-ups, advanced cardiology tests or cardiac rehabilitation, at INSCOR you will find the backing of the best mutual insurance companies on the market. We work so that your cardiovascular health is always in the best hands, with the peace of mind of having a highly qualified team and the coverage of the leading mutual insurance companies in the sector.<\/p>\t\t\t\t\t\t\t\t<\/div>\n\t\t\t\t<\/div>\n\t\t\t\t<div class=\"elementor-element elementor-element-e0a7c10 elementor-mobile-align-center elementor-widget elementor-widget-button\" data-id=\"e0a7c10\" data-element_type=\"widget\" data-e-type=\"widget\" data-widget_type=\"button.default\">\n\t\t\t\t<div class=\"elementor-widget-container\">\n\t\t\t\t\t\t\t\t\t<div class=\"elementor-button-wrapper\">\n\t\t\t\t\t<a class=\"elementor-button elementor-button-link elementor-size-sm\" href=\"https:\/\/inscorcardiologia.com\/en\/contacto\/\">\n\t\t\t\t\t\t<span class=\"elementor-button-content-wrapper\">\n\t\t\t\t\t\t\t\t\t<span class=\"elementor-button-text\">BOOK AN APPOINTMENT<\/span>\n\t\t\t\t\t<\/span>\n\t\t\t\t\t<\/a>\n\t\t\t\t<\/div>\n\t\t\t\t\t\t\t\t<\/div>\n\t\t\t\t<\/div>\n\t\t\t\t<\/div>\n\t\t<div class=\"elementor-element elementor-element-5f6dfc95 e-con-full e-flex e-con e-child\" data-id=\"5f6dfc95\" data-element_type=\"container\" data-e-type=\"container\">\n\t\t\t\t<div class=\"elementor-element elementor-element-e8f2c54 elementor-widget elementor-widget-image\" data-id=\"e8f2c54\" data-element_type=\"widget\" data-e-type=\"widget\" data-widget_type=\"image.default\">\n\t\t\t\t<div class=\"elementor-widget-container\">\n\t\t\t\t\t\t\t\t\t\t\t\t\t\t\t<img fetchpriority=\"high\" decoding=\"async\" width=\"620\" height=\"844\" src=\"https:\/\/inscorcardiologia.com\/wp-content\/uploads\/2024\/09\/img1.jpg\" class=\"elementor-animation-shrink attachment-large size-large wp-image-841\" alt=\"Aparato para realizar radiografias del coraz\u00f3n\" srcset=\"https:\/\/inscorcardiologia.com\/wp-content\/uploads\/2024\/09\/img1.jpg 620w, https:\/\/inscorcardiologia.com\/wp-content\/uploads\/2024\/09\/img1-220x300.jpg 220w\" sizes=\"(max-width: 620px) 100vw, 620px\" \/>\t\t\t\t\t\t\t\t\t\t\t\t\t\t\t<\/div>\n\t\t\t\t<\/div>\n\t\t\t\t<\/div>\n\t\t\t\t\t<\/div>\n\t\t\t\t<\/div>\n\t\t<div class=\"elementor-element elementor-element-da383df e-flex e-con-boxed e-con e-parent\" data-id=\"da383df\" data-element_type=\"container\" data-e-type=\"container\" data-settings=\"{&quot;background_background&quot;:&quot;classic&quot;}\">\n\t\t\t\t\t<div class=\"e-con-inner\">\n\t\t<div class=\"elementor-element elementor-element-65e338a e-grid e-con-full e-con e-child\" data-id=\"65e338a\" data-element_type=\"container\" data-e-type=\"container\">\n\t\t\t\t<div class=\"elementor-element elementor-element-8838cc9 elementor-position-top elementor-invisible elementor-widget elementor-widget-image-box\" data-id=\"8838cc9\" data-element_type=\"widget\" data-e-type=\"widget\" data-settings=\"{&quot;_animation&quot;:&quot;fadeIn&quot;}\" data-widget_type=\"image-box.default\">\n\t\t\t\t<div class=\"elementor-widget-container\">\n\t\t\t\t\t<div class=\"elementor-image-box-wrapper\"><figure class=\"elementor-image-box-img\"><img decoding=\"async\" width=\"231\" height=\"121\" src=\"https:\/\/inscorcardiologia.com\/wp-content\/uploads\/2024\/09\/adeslas1.jpeg\" class=\"attachment-full size-full wp-image-646\" alt=\"logo adeslas\" \/><\/figure><\/div>\t\t\t\t<\/div>\n\t\t\t\t<\/div>\n\t\t\t\t<div class=\"elementor-element elementor-element-77c94ed elementor-position-top elementor-invisible elementor-widget elementor-widget-image-box\" data-id=\"77c94ed\" data-element_type=\"widget\" data-e-type=\"widget\" data-settings=\"{&quot;_animation&quot;:&quot;fadeIn&quot;}\" data-widget_type=\"image-box.default\">\n\t\t\t\t<div class=\"elementor-widget-container\">\n\t\t\t\t\t<div class=\"elementor-image-box-wrapper\"><figure class=\"elementor-image-box-img\"><img decoding=\"async\" width=\"231\" height=\"121\" src=\"https:\/\/inscorcardiologia.com\/wp-content\/uploads\/2024\/09\/agrupacio-mutua1.jpeg\" class=\"attachment-full size-full wp-image-647\" alt=\"logo agrupaci\u00f3 mutua\" \/><\/figure><div class=\"elementor-image-box-content\"><h3 class=\"elementor-image-box-title\">Except Rehabilitation<\/h3><\/div><\/div>\t\t\t\t<\/div>\n\t\t\t\t<\/div>\n\t\t\t\t<div class=\"elementor-element elementor-element-ae09b2e elementor-position-top elementor-invisible elementor-widget elementor-widget-image-box\" data-id=\"ae09b2e\" data-element_type=\"widget\" data-e-type=\"widget\" data-settings=\"{&quot;_animation&quot;:&quot;fadeIn&quot;}\" data-widget_type=\"image-box.default\">\n\t\t\t\t<div class=\"elementor-widget-container\">\n\t\t\t\t\t<div class=\"elementor-image-box-wrapper\"><figure class=\"elementor-image-box-img\"><img loading=\"lazy\" decoding=\"async\" width=\"231\" height=\"121\" src=\"https:\/\/inscorcardiologia.com\/wp-content\/uploads\/2024\/09\/allianz1.jpeg\" class=\"attachment-full size-full wp-image-651\" alt=\"logo allianz\" \/><\/figure><\/div>\t\t\t\t<\/div>\n\t\t\t\t<\/div>\n\t\t\t\t<div class=\"elementor-element elementor-element-f126491 elementor-position-top elementor-invisible elementor-widget elementor-widget-image-box\" data-id=\"f126491\" data-element_type=\"widget\" data-e-type=\"widget\" data-settings=\"{&quot;_animation&quot;:&quot;fadeIn&quot;}\" data-widget_type=\"image-box.default\">\n\t\t\t\t<div class=\"elementor-widget-container\">\n\t\t\t\t\t<div class=\"elementor-image-box-wrapper\"><figure class=\"elementor-image-box-img\"><img loading=\"lazy\" decoding=\"async\" width=\"231\" height=\"121\" src=\"https:\/\/inscorcardiologia.com\/wp-content\/uploads\/2024\/09\/asisa1.jpeg\" class=\"attachment-full size-full wp-image-652\" alt=\"logo asisa\" \/><\/figure><\/div>\t\t\t\t<\/div>\n\t\t\t\t<\/div>\n\t\t\t\t<div class=\"elementor-element elementor-element-8eedfcb elementor-position-top elementor-invisible elementor-widget elementor-widget-image-box\" data-id=\"8eedfcb\" data-element_type=\"widget\" data-e-type=\"widget\" data-settings=\"{&quot;_animation&quot;:&quot;fadeIn&quot;}\" data-widget_type=\"image-box.default\">\n\t\t\t\t<div class=\"elementor-widget-container\">\n\t\t\t\t\t<div class=\"elementor-image-box-wrapper\"><figure class=\"elementor-image-box-img\"><img loading=\"lazy\" decoding=\"async\" width=\"231\" height=\"121\" src=\"https:\/\/inscorcardiologia.com\/wp-content\/uploads\/2024\/09\/assistencia-sanitaria1.jpeg\" class=\"attachment-full size-full wp-image-653\" alt=\"\" \/><\/figure><\/div>\t\t\t\t<\/div>\n\t\t\t\t<\/div>\n\t\t\t\t<div class=\"elementor-element elementor-element-7b0b41f elementor-position-top elementor-invisible elementor-widget elementor-widget-image-box\" data-id=\"7b0b41f\" data-element_type=\"widget\" data-e-type=\"widget\" data-settings=\"{&quot;_animation&quot;:&quot;fadeIn&quot;}\" data-widget_type=\"image-box.default\">\n\t\t\t\t<div class=\"elementor-widget-container\">\n\t\t\t\t\t<div class=\"elementor-image-box-wrapper\"><figure class=\"elementor-image-box-img\"><img loading=\"lazy\" decoding=\"async\" width=\"231\" height=\"121\" src=\"https:\/\/inscorcardiologia.com\/wp-content\/uploads\/2024\/09\/axa1.jpeg\" class=\"attachment-full size-full wp-image-654\" alt=\"\" \/><\/figure><div class=\"elementor-image-box-content\"><h3 class=\"elementor-image-box-title\">Except Rehabilitation<\/h3><\/div><\/div>\t\t\t\t<\/div>\n\t\t\t\t<\/div>\n\t\t\t\t<div class=\"elementor-element elementor-element-c798916 elementor-position-top elementor-invisible elementor-widget elementor-widget-image-box\" data-id=\"c798916\" data-element_type=\"widget\" data-e-type=\"widget\" data-settings=\"{&quot;_animation&quot;:&quot;fadeIn&quot;}\" data-widget_type=\"image-box.default\">\n\t\t\t\t<div class=\"elementor-widget-container\">\n\t\t\t\t\t<div class=\"elementor-image-box-wrapper\"><figure class=\"elementor-image-box-img\"><img loading=\"lazy\" decoding=\"async\" width=\"231\" height=\"121\" src=\"https:\/\/inscorcardiologia.com\/wp-content\/uploads\/2024\/09\/cigna1.jpeg\" class=\"attachment-full size-full wp-image-655\" alt=\"logo cigna\" \/><\/figure><\/div>\t\t\t\t<\/div>\n\t\t\t\t<\/div>\n\t\t\t\t<div class=\"elementor-element elementor-element-9114e57 elementor-position-top elementor-invisible elementor-widget elementor-widget-image-box\" data-id=\"9114e57\" data-element_type=\"widget\" data-e-type=\"widget\" data-settings=\"{&quot;_animation&quot;:&quot;fadeIn&quot;}\" data-widget_type=\"image-box.default\">\n\t\t\t\t<div class=\"elementor-widget-container\">\n\t\t\t\t\t<div class=\"elementor-image-box-wrapper\"><figure class=\"elementor-image-box-img\"><img loading=\"lazy\" decoding=\"async\" width=\"231\" height=\"121\" src=\"https:\/\/inscorcardiologia.com\/wp-content\/uploads\/2024\/09\/clinicum1.jpeg\" class=\"attachment-full size-full wp-image-656\" alt=\"logo clinicum\" \/><\/figure><div class=\"elementor-image-box-content\"><h3 class=\"elementor-image-box-title\">Except Rehabilitation<\/h3><\/div><\/div>\t\t\t\t<\/div>\n\t\t\t\t<\/div>\n\t\t\t\t<div class=\"elementor-element elementor-element-bc8003e elementor-position-top elementor-invisible elementor-widget elementor-widget-image-box\" data-id=\"bc8003e\" data-element_type=\"widget\" data-e-type=\"widget\" data-settings=\"{&quot;_animation&quot;:&quot;fadeIn&quot;}\" data-widget_type=\"image-box.default\">\n\t\t\t\t<div class=\"elementor-widget-container\">\n\t\t\t\t\t<div class=\"elementor-image-box-wrapper\"><figure class=\"elementor-image-box-img\"><img loading=\"lazy\" decoding=\"async\" width=\"231\" height=\"121\" src=\"https:\/\/inscorcardiologia.com\/wp-content\/uploads\/2024\/09\/dkv1.jpeg\" class=\"attachment-full size-full wp-image-660\" alt=\"logo dkv\" \/><\/figure><\/div>\t\t\t\t<\/div>\n\t\t\t\t<\/div>\n\t\t\t\t<div class=\"elementor-element elementor-element-785e275 elementor-position-top elementor-invisible elementor-widget elementor-widget-image-box\" data-id=\"785e275\" data-element_type=\"widget\" data-e-type=\"widget\" data-settings=\"{&quot;_animation&quot;:&quot;fadeIn&quot;}\" data-widget_type=\"image-box.default\">\n\t\t\t\t<div class=\"elementor-widget-container\">\n\t\t\t\t\t<div class=\"elementor-image-box-wrapper\"><figure class=\"elementor-image-box-img\"><img loading=\"lazy\" decoding=\"async\" width=\"231\" height=\"121\" src=\"https:\/\/inscorcardiologia.com\/wp-content\/uploads\/2024\/09\/fiatc1.jpeg\" class=\"attachment-full size-full wp-image-661\" alt=\"logo fiatc\" \/><\/figure><\/div>\t\t\t\t<\/div>\n\t\t\t\t<\/div>\n\t\t\t\t<div class=\"elementor-element elementor-element-0a0addd elementor-position-top elementor-invisible elementor-widget elementor-widget-image-box\" data-id=\"0a0addd\" data-element_type=\"widget\" data-e-type=\"widget\" data-settings=\"{&quot;_animation&quot;:&quot;fadeIn&quot;}\" data-widget_type=\"image-box.default\">\n\t\t\t\t<div class=\"elementor-widget-container\">\n\t\t\t\t\t<div class=\"elementor-image-box-wrapper\"><figure class=\"elementor-image-box-img\"><img loading=\"lazy\" decoding=\"async\" width=\"231\" height=\"121\" src=\"https:\/\/inscorcardiologia.com\/wp-content\/uploads\/2024\/09\/generalli1.jpeg\" class=\"attachment-full size-full wp-image-662\" alt=\"\" \/><\/figure><\/div>\t\t\t\t<\/div>\n\t\t\t\t<\/div>\n\t\t\t\t<div class=\"elementor-element elementor-element-87c391a elementor-position-top elementor-invisible elementor-widget elementor-widget-image-box\" data-id=\"87c391a\" data-element_type=\"widget\" data-e-type=\"widget\" data-settings=\"{&quot;_animation&quot;:&quot;fadeIn&quot;}\" data-widget_type=\"image-box.default\">\n\t\t\t\t<div class=\"elementor-widget-container\">\n\t\t\t\t\t<div class=\"elementor-image-box-wrapper\"><figure class=\"elementor-image-box-img\"><img loading=\"lazy\" decoding=\"async\" width=\"231\" height=\"121\" src=\"https:\/\/inscorcardiologia.com\/wp-content\/uploads\/2024\/09\/mafre1.jpeg\" class=\"attachment-full size-full wp-image-663\" alt=\"\" \/><\/figure><div class=\"elementor-image-box-content\"><h3 class=\"elementor-image-box-title\">Rehabilitation only, no consultations or studies<\/h3><\/div><\/div>\t\t\t\t<\/div>\n\t\t\t\t<\/div>\n\t\t\t\t<div class=\"elementor-element elementor-element-0e1e5e9 elementor-position-top elementor-invisible elementor-widget elementor-widget-image-box\" data-id=\"0e1e5e9\" data-element_type=\"widget\" data-e-type=\"widget\" data-settings=\"{&quot;_animation&quot;:&quot;fadeIn&quot;}\" data-widget_type=\"image-box.default\">\n\t\t\t\t<div class=\"elementor-widget-container\">\n\t\t\t\t\t<div class=\"elementor-image-box-wrapper\"><figure class=\"elementor-image-box-img\"><img loading=\"lazy\" decoding=\"async\" width=\"231\" height=\"121\" src=\"https:\/\/inscorcardiologia.com\/wp-content\/uploads\/2024\/09\/mutua-general-de-catalunya1.jpeg\" class=\"attachment-full size-full wp-image-664\" alt=\"\" \/><\/figure><\/div>\t\t\t\t<\/div>\n\t\t\t\t<\/div>\n\t\t\t\t<div class=\"elementor-element elementor-element-5b9895b elementor-position-top elementor-invisible elementor-widget elementor-widget-image-box\" data-id=\"5b9895b\" data-element_type=\"widget\" data-e-type=\"widget\" data-settings=\"{&quot;_animation&quot;:&quot;fadeIn&quot;}\" data-widget_type=\"image-box.default\">\n\t\t\t\t<div class=\"elementor-widget-container\">\n\t\t\t\t\t<div class=\"elementor-image-box-wrapper\"><figure class=\"elementor-image-box-img\"><img loading=\"lazy\" decoding=\"async\" width=\"231\" height=\"121\" src=\"https:\/\/inscorcardiologia.com\/wp-content\/uploads\/2024\/09\/mutuacat1.jpeg\" class=\"attachment-full size-full wp-image-665\" alt=\"logo mutuacat\" \/><\/figure><div class=\"elementor-image-box-content\"><h3 class=\"elementor-image-box-title\">Except Rehabilitation<\/h3><\/div><\/div>\t\t\t\t<\/div>\n\t\t\t\t<\/div>\n\t\t\t\t<div class=\"elementor-element elementor-element-4dc98cb elementor-position-top elementor-invisible elementor-widget elementor-widget-image-box\" data-id=\"4dc98cb\" data-element_type=\"widget\" data-e-type=\"widget\" data-settings=\"{&quot;_animation&quot;:&quot;fadeIn&quot;}\" data-widget_type=\"image-box.default\">\n\t\t\t\t<div class=\"elementor-widget-container\">\n\t\t\t\t\t<div class=\"elementor-image-box-wrapper\"><figure class=\"elementor-image-box-img\"><img loading=\"lazy\" decoding=\"async\" width=\"231\" height=\"121\" src=\"https:\/\/inscorcardiologia.com\/wp-content\/uploads\/2024\/09\/sanitas1.jpeg\" class=\"attachment-full size-full wp-image-666\" alt=\"logo sanitas\" \/><\/figure><div class=\"elementor-image-box-content\"><h3 class=\"elementor-image-box-title\">Except Rehabilitation<\/h3><\/div><\/div>\t\t\t\t<\/div>\n\t\t\t\t<\/div>\n\t\t\t\t<div class=\"elementor-element elementor-element-21b6883 elementor-position-top elementor-invisible elementor-widget elementor-widget-image-box\" data-id=\"21b6883\" data-element_type=\"widget\" data-e-type=\"widget\" data-settings=\"{&quot;_animation&quot;:&quot;fadeIn&quot;}\" data-widget_type=\"image-box.default\">\n\t\t\t\t<div class=\"elementor-widget-container\">\n\t\t\t\t\t<div class=\"elementor-image-box-wrapper\"><figure class=\"elementor-image-box-img\"><img loading=\"lazy\" decoding=\"async\" width=\"231\" height=\"121\" src=\"https:\/\/inscorcardiologia.com\/wp-content\/uploads\/2025\/04\/nueva1.jpg\" class=\"attachment-full size-full wp-image-1873\" alt=\"\" srcset=\"https:\/\/inscorcardiologia.com\/wp-content\/uploads\/2025\/04\/nueva1.jpg 231w, https:\/\/inscorcardiologia.com\/wp-content\/uploads\/2025\/04\/nueva1-18x9.jpg 18w\" sizes=\"(max-width: 231px) 100vw, 231px\" \/><\/figure><div class=\"elementor-image-box-content\"><h3 class=\"elementor-image-box-title\">Except Rehabilitation<\/h3><\/div><\/div>\t\t\t\t<\/div>\n\t\t\t\t<\/div>\n\t\t\t\t<div class=\"elementor-element elementor-element-83f6de4 elementor-position-top elementor-invisible elementor-widget elementor-widget-image-box\" data-id=\"83f6de4\" data-element_type=\"widget\" data-e-type=\"widget\" data-settings=\"{&quot;_animation&quot;:&quot;fadeIn&quot;}\" data-widget_type=\"image-box.default\">\n\t\t\t\t<div class=\"elementor-widget-container\">\n\t\t\t\t\t<div class=\"elementor-image-box-wrapper\"><figure class=\"elementor-image-box-img\"><img loading=\"lazy\" decoding=\"async\" width=\"231\" height=\"121\" src=\"https:\/\/inscorcardiologia.com\/wp-content\/uploads\/2025\/04\/hna.jpg\" class=\"attachment-full size-full wp-image-1877\" alt=\"\" srcset=\"https:\/\/inscorcardiologia.com\/wp-content\/uploads\/2025\/04\/hna.jpg 231w, https:\/\/inscorcardiologia.com\/wp-content\/uploads\/2025\/04\/hna-18x9.jpg 18w\" sizes=\"(max-width: 231px) 100vw, 231px\" \/><\/figure><\/div>\t\t\t\t<\/div>\n\t\t\t\t<\/div>\n\t\t\t\t<\/div>\n\t\t\t\t\t<\/div>\n\t\t\t\t<\/div>\n\t\t\t\t<\/div>","protected":false},"excerpt":{"rendered":"<p>Mutuas Mutuas M\u00e9dicas en INSCOR: Salud Cardiovascular al Alcance de Todos Colaboraci\u00f3n con las Principales Mutuas M\u00e9dicas En INSCOR, nos [&hellip;]<\/p>\n","protected":false},"author":1,"featured_media":848,"parent":0,"menu_order":0,"comment_status":"closed","ping_status":"closed","template":"","meta":{"site-sidebar-layout":"no-sidebar","site-content-layout":"","ast-site-content-layout":"full-width-container","site-content-style":"default","site-sidebar-style":"default","ast-global-header-display":"","ast-banner-title-visibility":"","ast-main-header-display":"","ast-hfb-above-header-display":"","ast-hfb-below-header-display":"","ast-hfb-mobile-header-display":"","site-post-title":"disabled","ast-breadcrumbs-content":"","ast-featured-img":"disabled","footer-sml-layout":"","ast-disable-related-posts":"","theme-transparent-header-meta":"","adv-header-id-meta":"","stick-header-meta":"","header-above-stick-meta":"","header-main-stick-meta":"","header-below-stick-meta":"","astra-migrate-meta-layouts":"default","ast-page-background-enabled":"default","ast-page-background-meta":{"desktop":{"background-color":"var(--ast-global-color-4)","background-image":"","background-repeat":"repeat","background-position":"center center","background-size":"auto","background-attachment":"scroll","background-type":"","background-media":"","overlay-type":"","overlay-color":"","overlay-opacity":"","overlay-gradient":""},"tablet":{"background-color":"","background-image":"","background-repeat":"repeat","background-position":"center center","background-size":"auto","background-attachment":"scroll","background-type":"","background-media":"","overlay-type":"","overlay-color":"","overlay-opacity":"","overlay-gradient":""},"mobile":{"background-color":"","background-image":"","background-repeat":"repeat","background-position":"center center","background-size":"auto","background-attachment":"scroll","background-type":"","background-media":"","overlay-type":"","overlay-color":"","overlay-opacity":"","overlay-gradient":""}},"ast-content-background-meta":{"desktop":{"background-color":"var(--ast-global-color-5)","background-image":"","background-repeat":"repeat","background-position":"center center","background-size":"auto","background-attachment":"scroll","background-type":"","background-media":"","overlay-type":"","overlay-color":"","overlay-opacity":"","overlay-gradient":""},"tablet":{"background-color":"var(--ast-global-color-5)","background-image":"","background-repeat":"repeat","background-position":"center center","background-size":"auto","background-attachment":"scroll","background-type":"","background-media":"","overlay-type":"","overlay-color":"","overlay-opacity":"","overlay-gradient":""},"mobile":{"background-color":"var(--ast-global-color-5)","background-image":"","background-repeat":"repeat","background-position":"center center","background-size":"auto","background-attachment":"scroll","background-type":"","background-media":"","overlay-type":"","overlay-color":"","overlay-opacity":"","overlay-gradient":""}},"_joinchat":[],"footnotes":""},"class_list":["post-643","page","type-page","status-publish","has-post-thumbnail","hentry"],"_links":{"self":[{"href":"https:\/\/inscorcardiologia.com\/en\/wp-json\/wp\/v2\/pages\/643","targetHints":{"allow":["GET"]}}],"collection":[{"href":"https:\/\/inscorcardiologia.com\/en\/wp-json\/wp\/v2\/pages"}],"about":[{"href":"https:\/\/inscorcardiologia.com\/en\/wp-json\/wp\/v2\/types\/page"}],"author":[{"embeddable":true,"href":"https:\/\/inscorcardiologia.com\/en\/wp-json\/wp\/v2\/users\/1"}],"replies":[{"embeddable":true,"href":"https:\/\/inscorcardiologia.com\/en\/wp-json\/wp\/v2\/comments?post=643"}],"version-history":[{"count":46,"href":"https:\/\/inscorcardiologia.com\/en\/wp-json\/wp\/v2\/pages\/643\/revisions"}],"predecessor-version":[{"id":1880,"href":"https:\/\/inscorcardiologia.com\/en\/wp-json\/wp\/v2\/pages\/643\/revisions\/1880"}],"wp:featuredmedia":[{"embeddable":true,"href":"https:\/\/inscorcardiologia.com\/en\/wp-json\/wp\/v2\/media\/848"}],"wp:attachment":[{"href":"https:\/\/inscorcardiologia.com\/en\/wp-json\/wp\/v2\/media?parent=643"}],"curies":[{"name":"wp","href":"https:\/\/api.w.org\/{rel}","templated":true}]}}