{"id":682,"date":"2024-09-26T09:14:49","date_gmt":"2024-09-26T09:14:49","guid":{"rendered":"https:\/\/inscorcardiologia.com\/?page_id=682"},"modified":"2025-11-28T11:24:42","modified_gmt":"2025-11-28T11:24:42","slug":"politica-de-politica-de-privacidad","status":"publish","type":"page","link":"https:\/\/inscorcardiologia.com\/en\/politica-de-politica-de-privacidad\/","title":{"rendered":"PRIVACY POLICY"},"content":{"rendered":"<div data-elementor-type=\"wp-page\" data-elementor-id=\"682\" class=\"elementor elementor-682\" data-elementor-post-type=\"page\">\n\t\t\t\t<div class=\"elementor-element elementor-element-c85ab21 e-flex e-con-boxed e-con e-parent\" data-id=\"c85ab21\" data-element_type=\"container\" data-e-type=\"container\">\n\t\t\t\t\t<div class=\"e-con-inner\">\n\t\t\t\t<div class=\"elementor-element elementor-element-9b23776 elementor-widget elementor-widget-heading\" data-id=\"9b23776\" data-element_type=\"widget\" data-e-type=\"widget\" data-widget_type=\"heading.default\">\n\t\t\t\t<div class=\"elementor-widget-container\">\n\t\t\t\t\t<h2 class=\"elementor-heading-title elementor-size-default\">PRIVACY POLICY\n<\/h2>\t\t\t\t<\/div>\n\t\t\t\t<\/div>\n\t\t\t\t<div class=\"elementor-element elementor-element-ffd65d1 elementor-widget elementor-widget-text-editor\" data-id=\"ffd65d1\" data-element_type=\"widget\" data-e-type=\"widget\" data-widget_type=\"text-editor.default\">\n\t\t\t\t<div class=\"elementor-widget-container\">\n\t\t\t\t\t\t\t\t\t<div class=\"wrap\"><div class=\"contingut\"><div class=\"gpi-fonsWeb\"><div class=\"container\"><div class=\"block1\"><div class=\"descripGeneral gpi-contingut fonfamilyLight\"><div class=\"wrap\"><div class=\"contingut\"><div class=\"gpi-fonsWeb\"><div class=\"container\"><div class=\"gpi-contingut\"><p><strong>Data Controller<\/strong><br \/>The company responsible for the processing of your data under this Privacy Policy is: <br \/>INSTITUT DE SALUT CARDIOVASCULAR I REHABILITACI\u00d3 CARDIACA , S.L. <br \/>VAT NO: B64038334 <br \/>Domicilio: Folguerolas, 12, 08022 BARCELONA null <br \/>E-mail address: inscor@inscorbcn.com <br \/>Web: inscorcardiologia.com\/ <br \/>Tel\u00e9fono: 610554777<\/p><p>Inscrita en el Registro Mercantil de Barcelona, Hoja B-322566, Tomo 41530, Folio 18. <br \/>En INSTITUT DE SALUT CARDIOVASCULAR I REHABILITACI\u00d3 CARDIACA, S.L., reconocemos la importancia de proteger su informaci\u00f3n personal y estamos comprometidos a tratarla con responsabilidad y de conformidad con las leyes de protecci\u00f3n de datos.<\/p><p>This privacy policy aims to regulate all aspects relating to the processing of data of the different users who browse or provide their personal data through the different forms located on the website.<\/p><p><strong>Personal data<\/strong><br \/>Un dato personal es la informaci\u00f3n que le identifica o le hace identificable. A trav\u00e9s de la web, en las casillas establecidas al efecto recogemos los datos personales que el usuario nos comunica: nombre, apellidos, correo electr\u00f3nico, tel\u00e9fono, direcci\u00f3n postal, poblaci\u00f3n, etc., as\u00ed como todos aquellos datos que voluntariamente nos proporcione a trav\u00e9s de cualquier de las redes sociales de las cuales el usuario est\u00e1 registrado. En este caso, la privacidad depender\u00e1 de la propia configuraci\u00f3n establecida por el usuario as\u00ed como de los t\u00e9rminos y condiciones de la propia red social.<\/p><p>The user's visit to the website does not imply that he\/she has to provide any information about his\/her personal data. However, in the event of providing them, the data will be processed in a lawful manner subject at all times to the principles and rights set out in the RGPD 2016\/679 of 27 April 2016 and the LOPDGDD 3\/2018 of 5 December.<\/p><p><strong>Purpose, duration and legitimacy of the processing<\/strong>:<br \/>The data provided by the user will be processed by us for the following purposes:<\/p><ul><li><p>Atender la solicitud o petici\u00f3n realizada por el usuario a trav\u00e9s del formulario de contacto situado en la web. Recogemos y tratamos los datos personales del usuario para poder tramitar y gestionar su solicitud, una consulta o cualquier petici\u00f3n que realiza a trav\u00e9s de dicho formulario. Estos datos los conservaremos durante el tiempo necesario para dar cumplimiento a su petici\u00f3n y durante el tiempo establecido por la ley con una duraci\u00f3n m\u00ednima de 3 a\u00f1os.<\/p><\/li><\/ul><p>The basis of legitimacy of the data processing will be the consent given by the user by ticking the acceptance box of our privacy policy before sending the request. The user has the right to revoke their consent at any time without affecting the lawfulness of the processing based on the consent prior to its withdrawal.<\/p><ul><li value=\"2\"><p>Mejorar su experiencia al navegar por la web. Estos datos los conservaremos mientras el usuario no revoque su consentimiento al tratamiento de los mismos eliminando las cookies y durante el tiempo establecido por la ley con una duraci\u00f3n m\u00ednima de 3 a\u00f1os.<\/p><\/li><\/ul><p>La base de legitimaci\u00f3n para mejorar su experiencia al navegar por la web es el consentimiento que otorga el usuario al aceptar las cookies. El usuario tiene derecho a revocar su consentimiento en cualquier momento sin que ello afecte a la so<span style=\"font-weight: 400;\">licitud del tratamiento basado en el consentimiento previo a su retirada.\u00a0<\/span><\/p><ul><li value=\"4\"><p>Gestionar el servicio de chat de WhatsApp ofrecido en nuestra web para cualquier duda sobre nuestros servicios\/productos. Con el fin de mejorar constantemente la calidad de nuestro servicio al cliente, registramos el historial del chat para fines de an\u00e1lisis y mejora. Estos registros se eliminan una vez evaluados y habiendo cumplido el tiempo establecido por la ley con una duraci\u00f3n m\u00ednima de 3 a\u00f1os.<\/p><\/li><\/ul><p>La base de legitimaci\u00f3n es el consentimiento que nos otorga para uso del servicio. El usuario tiene derecho a revocar su consentimiento en cualquier momento sin que ello afecte a la licitud del tratamiento basado en el consentimiento previo a su retirada. <\/p><ul><li value=\"8\"><p>Gestionar nuestras redes sociales y enviarle informaci\u00f3n sobre nuestras actividades y productos. Estos datos los conservaremos mientras el usuario no revoque su consentimiento al tratamiento de los mismos y durante el tiempo establecido por la ley con una duraci\u00f3n m\u00ednima de 3 a\u00f1os. <\/p><p>La base leg\u00edtima para gestionar nuestras redes sociales y enviarle nuestras actividades y novedades es el consentimiento que nos otorga para ello. El usuario tiene derecho a revocar su consentimiento en cualquier momento sin que ello afecte a la licitud del tratamiento basado en el consentimiento previo a su retirada. <\/p><\/li><li value=\"10\"><p>Gesti\u00f3n y desarrollo de la inscripci\u00f3n del usuario con motivo de la asistencia a un evento o actividad organizada por INSTITUT DE SALUT CARDIOVASCULAR I REHABILITACI\u00d3 CARDIACA , S.L. a trav\u00e9s de los datos recopilados en el formulario habilitado a tal efecto en la web. Estos datos los conservaremos mientras dure la actividad del evento y durante el tiempo establecido por la ley con una duraci\u00f3n m\u00ednima de 3 a\u00f1os. <\/p><\/li><\/ul><p>La base de legitimaci\u00f3n del tratamiento de los datos ser\u00e1 el consentimiento que otorga el usuario a trav\u00e9s de la cumplimentaci\u00f3n del formulario de participaci\u00f3n habilitado para tal efecto en la web y, seleccionando la casilla de aceptaci\u00f3n de nuestra pol\u00edtica de privacidad y de las bases espec\u00edficas para dicho concurso o sorteo. El usuario tiene derecho a revocar su consentimiento en cualquier momento sin que ello afecte a la licitud del tratamiento basado en el consentimiento previo a su retirada. <\/p><ul><li>Gestionar las reservas de cita previa a trav\u00e9s del formulario situado a nuestra web. Los datos se conservar\u00e1n el tiempo necesario para atender su solicitud y mientras se puedan derivar responsabilidades legales de la prestaci\u00f3n del servicio. <br \/><br \/><\/li><\/ul><p>La base de legitimaci\u00f3n es el consentimiento de la persona interesada en clickar la casilla habilitada por tal efecto. La persona interesada tiene derecho a revocar su consentimiento en cualquier momento sin que esto afecte la licitud del tratamiento basado en el consentimiento previo a su retirada. <\/p><p><strong>Assignment or communication of personal data and international transfers:<\/strong><br \/>Sus datos no se comunicar\u00e1n ni ser\u00e1n cedidos a terceros, salvo que exista alguna obligaci\u00f3n legal o aquellos prestadores vinculados al Responsable que act\u00faan como encargados del tratamiento. <br \/>\u200bNuestros servidores est\u00e1n ubicados en la Uni\u00f3n Europea, y con car\u00e1cter general, contratamos prestadores de servicios ubicados tambi\u00e9n dentro del Espacio Econ\u00f3mico Europeo o en pa\u00edses que han sido declarados con un nivel adecuado de protecci\u00f3n. <br \/><br \/><\/p><p><b>Transferencias internacionales\u00a0<br \/><\/b>En INSTITUT DE SALUT CARDIOVASCULAR I REHABILITACI\u00d3 CARDIACA , S.L. tratamos sus datos dentro del Espacio Econ\u00f3mico Europeo y, con car\u00e1cter general, contratamos prestadores de servicios ubicados tambi\u00e9n dentro del Espacio Econ\u00f3mico Eurediante decisiones de adecuaci\u00f3n, cl\u00e1usulas tipo, normas corporativas vinculantes, excepciones o cualquier otro instrumento aprobado por la autoridad de control que ofrezca las garant\u00edas adecuadas para la realizaci\u00f3n de la transferencia internacional de datos.opeo o en pa\u00edses que han sido declarados con un nivel adecuado de protecci\u00f3n. <br \/>Si necesitamos utilizar proveedores de servicios que realicen tratamientos fuera del Espacio Econ\u00f3mico Europeo o en pa\u00edses que no han sido declarados con un nivel adecuado de protecci\u00f3n, nos asegurar\u00edamos de garantizar la seguridad y legitimidad del tratamiento sus datos. <br \/>En ese sentido, informamos que para el env\u00edo de newsletters o boletines informativos, el RESPONSABLE podr\u00e1 utilizar los servicios de Mailchimp cuyos servidores se encuentran en EEUU. No obstante, dicho prestador dispone de cl\u00e1usulas contractuales tipo, de conformidad con el art\u00edculo 46 del RGPD que legitiman la transferencia internacional de datos personales. <br \/>Asimismo, INSTITUT DE SALUT CARDIOVASCULAR I REHABILITACI\u00d3 CARDIACA , S.L. pone a disposici\u00f3n el aplicativo de WhatsApp para que las personas interesadas contacten con el RESPONSABLE por este medio. En ese sentido, informamos que si bien los servidores de la aplicaci\u00f3n WhatsApp para usuarios de la UE se encuentran en Irlanda, se podr\u00edan dar comunicaciones con los servidores de EEUU que implicar\u00edan una transferencia internacional de datos la cual se realiza con plenas garant\u00edas de acuerdo a la Decisi\u00f3n Adecuaci\u00f3n relativa al Marco de Privacidad de datos UE-EE.UU del 10 de julio de 2023. <br \/><b><br \/><\/b><strong>Updating of data<\/strong><br \/>It is important for us to keep the personal data up to date that the user informs us whenever there has been any change in them, otherwise we are not responsible for the veracity of the data. <br \/>The user guarantees that the personal data provided are truthful, guaranteeing that all the information provided corresponds to the real situation, that it is up to date and accurate, being obliged to communicate any modification. <br \/><br \/><\/p><p><strong>Third Party Data<\/strong><br \/>If the user provides data of third parties for any purpose to INSCOR, S.L., he\/she guarantees that he\/she has obtained these data in a lawful manner, that he\/she has previously informed the affected parties, obtaining their consent to communicate them and that the information provided is accurate and truthful.<\/p><p><strong>Mandatory nature of the information requested<\/strong><br \/>All our forms have an asterisk (*) in the mandatory data. If the user does not provide these fields, or does not tick the box to accept the privacy policy, the information will not be allowed to be sent.<br \/><br \/><strong>Uso de las contrase\u00f1as <\/strong><br \/>Para poder acceder al \u00c1rea Privada, el USUARIO deber\u00e1 \u201cIniciar Sesi\u00f3n\u201d e incluir la direcci\u00f3n del correo electr\u00f3nico y contrase\u00f1a generada en el formulario de registro de acuerdo a las reglas de complejidad que se establezcan en cada momento en la web. <br \/>Los usuarios son responsables de la adecuada custodia y confidencialidad de cualesquiera de los identificadores y\/o contrase\u00f1as que hayan seleccionado en el registro, y se comprometen a no ceder su uso a terceros, ni permitir su acceso a personas ajenas. <br \/>Asimismo, ser\u00e1 obligaci\u00f3n del usuario notificar de forma inmediata al Responsable cualquier hecho que permita el uso indebido de los identificadores y\/o contrase\u00f1as, tales como el robo, el extrav\u00edo, o el acceso no autorizado a los mismos, con el fin de proceder a su inmediata cancelaci\u00f3n. <br \/><br \/><\/p><p><strong>Derechos de los las personas interesadas :<\/strong><\/p><p>Tiene derecho a acceder a sus datos y a obtener confirmaci\u00f3n sobre su tratamiento, as\u00ed como una copia de los datos personales objeto de tratamiento. Tiene derecho a actualizarlos y solicitar la rectificaci\u00f3n de los datos que sean inexactos o solicitar la supresi\u00f3n cuando los datos no sean necesarios para los fines para los que fueron recabados. Puede solicitar la limitaci\u00f3n en el tratamiento de sus datos y oponerse al tratamiento de los mismos revocando su consentimiento, as\u00ed como ejercer el derecho a la portabilidad de los datos. Del mismo modo, tiene derecho a no ser objeto de decisiones basadas \u00fanicamente en el tratamiento automatizado de sus datos personales. Puede ejercer sus derechos contactando con nosotros inscor@inscorbcn.com <br \/>Si considera que sus derechos no se han atendido debidamente, tiene derecho a presentar una reclamaci\u00f3n ante la autoridad de control en www.aepd.es. Datos de contacto del delegado de protecci\u00f3n de datos: dpo@inscorbcn.com<\/p><p><strong>Data processing of minors<\/strong><br \/>Quien facilita los datos a trav\u00e9s de los formularios de esta web y acepta su tratamiento declara ser mayor de 14 a\u00f1os, quedando prohibido el acceso y uso del portal a menores de dicha edad. Si en alg\u00fan momento, el Responsable detecta que un menor de 14 a\u00f1os ha proporcionado datos de car\u00e1cter personal, procederemos a la cancelaci\u00f3n de los mismos. Asimismo, los padres o tutores podr\u00e1n en cualquier caso dirigirse a INSTITUT DE SALUT CARDIOVASCULAR I REHABILITACI\u00d3 CARDIACA , S.L. para bloquear la cuenta de acceso de los menores a su cargo que se hubieran registrado falseando su identidad. <br \/><br \/><\/p><p><strong>Social media<\/strong><br \/>The purpose of tools such as Facebook, Twitter, Instagram, etc. or other social networks is to give visibility and dissemination to the activities carried out by our organisation. These tools store personal data on the servers of the respective services and are governed by their own privacy policy. We recommend reviewing and reading the terms of use and privacy policy of the social network at the time of registration, taking into account the different configuration possibilities in relation to the degree of privacy of the user profile on the social network. <br \/>Likewise, the Controller reserves the right to remove from its social networks any information published by third parties that violates the law, incites to do so or contains messages that violate the dignity of persons or institutions. It also reserves the right to block or report the profile author of these messages. <br \/><br \/><\/p><p><strong>Treatment of Cookies:<br \/><\/strong>A cookie is a small file that is downloaded and stored on the user's computer when the user accesses a website. Cookies allow the website, among other things, to store and retrieve information about the browsing habits of the user or their computer and, depending on the information they contain and the way they use their computer, they can be used to recognise the user. <br \/>The user has the option to prevent the generation of cookies by selecting the corresponding option in his browser software. You can find more information by reading our <span style=\"font-size: 16px;\">\u00a0<\/span><a style=\"font-size: 16px; background-color: #ffffff;\" href=\"https:\/\/inscorcardiologia.com\/en\/politica-de-cookies\/\"><u>Cookie Policy<\/u><\/a><span style=\"font-size: 16px;\">.<\/span><\/p><\/div><\/div><\/div><\/div><\/div><div id=\"footer\"><div class=\"container\"><div class=\"row\"><div class=\"col-lg-6 col-md-6 col-sm-12 col-xs-12\"><div>\u00a0<\/div><\/div><\/div><\/div><\/div><\/div><\/div><\/div><\/div><\/div><\/div>\t\t\t\t\t\t\t\t<\/div>\n\t\t\t\t<\/div>\n\t\t\t\t\t<\/div>\n\t\t\t\t<\/div>\n\t\t\t\t<\/div>","protected":false},"excerpt":{"rendered":"<p>POL\u00cdTICA DE PRIVACIDAD Responsable del TratamientoLa empresa responsable del tratamiento de sus datos en virtud de esta Pol\u00edtica de privacidad [&hellip;]<\/p>\n","protected":false},"author":1,"featured_media":0,"parent":0,"menu_order":0,"comment_status":"closed","ping_status":"closed","template":"","meta":{"site-sidebar-layout":"no-sidebar","site-content-layout":"","ast-site-content-layout":"full-width-container","site-content-style":"default","site-sidebar-style":"default","ast-global-header-display":"","ast-banner-title-visibility":"","ast-main-header-display":"","ast-hfb-above-header-display":"","ast-hfb-below-header-display":"","ast-hfb-mobile-header-display":"","site-post-title":"disabled","ast-breadcrumbs-content":"","ast-featured-img":"disabled","footer-sml-layout":"","ast-disable-related-posts":"","theme-transparent-header-meta":"","adv-header-id-meta":"","stick-header-meta":"","header-above-stick-meta":"","header-main-stick-meta":"","header-below-stick-meta":"","astra-migrate-meta-layouts":"default","ast-page-background-enabled":"default","ast-page-background-meta":{"desktop":{"background-color":"var(--ast-global-color-4)","background-image":"","background-repeat":"repeat","background-position":"center center","background-size":"auto","background-attachment":"scroll","background-type":"","background-media":"","overlay-type":"","overlay-color":"","overlay-opacity":"","overlay-gradient":""},"tablet":{"background-color":"","background-image":"","background-repeat":"repeat","background-position":"center center","background-size":"auto","background-attachment":"scroll","background-type":"","background-media":"","overlay-type":"","overlay-color":"","overlay-opacity":"","overlay-gradient":""},"mobile":{"background-color":"","background-image":"","background-repeat":"repeat","background-position":"center center","background-size":"auto","background-attachment":"scroll","background-type":"","background-media":"","overlay-type":"","overlay-color":"","overlay-opacity":"","overlay-gradient":""}},"ast-content-background-meta":{"desktop":{"background-color":"var(--ast-global-color-5)","background-image":"","background-repeat":"repeat","background-position":"center center","background-size":"auto","background-attachment":"scroll","background-type":"","background-media":"","overlay-type":"","overlay-color":"","overlay-opacity":"","overlay-gradient":""},"tablet":{"background-color":"var(--ast-global-color-5)","background-image":"","background-repeat":"repeat","background-position":"center center","background-size":"auto","background-attachment":"scroll","background-type":"","background-media":"","overlay-type":"","overlay-color":"","overlay-opacity":"","overlay-gradient":""},"mobile":{"background-color":"var(--ast-global-color-5)","background-image":"","background-repeat":"repeat","background-position":"center center","background-size":"auto","background-attachment":"scroll","background-type":"","background-media":"","overlay-type":"","overlay-color":"","overlay-opacity":"","overlay-gradient":""}},"_joinchat":[],"footnotes":""},"class_list":["post-682","page","type-page","status-publish","hentry"],"_links":{"self":[{"href":"https:\/\/inscorcardiologia.com\/en\/wp-json\/wp\/v2\/pages\/682","targetHints":{"allow":["GET"]}}],"collection":[{"href":"https:\/\/inscorcardiologia.com\/en\/wp-json\/wp\/v2\/pages"}],"about":[{"href":"https:\/\/inscorcardiologia.com\/en\/wp-json\/wp\/v2\/types\/page"}],"author":[{"embeddable":true,"href":"https:\/\/inscorcardiologia.com\/en\/wp-json\/wp\/v2\/users\/1"}],"replies":[{"embeddable":true,"href":"https:\/\/inscorcardiologia.com\/en\/wp-json\/wp\/v2\/comments?post=682"}],"version-history":[{"count":11,"href":"https:\/\/inscorcardiologia.com\/en\/wp-json\/wp\/v2\/pages\/682\/revisions"}],"predecessor-version":[{"id":2325,"href":"https:\/\/inscorcardiologia.com\/en\/wp-json\/wp\/v2\/pages\/682\/revisions\/2325"}],"wp:attachment":[{"href":"https:\/\/inscorcardiologia.com\/en\/wp-json\/wp\/v2\/media?parent=682"}],"curies":[{"name":"wp","href":"https:\/\/api.w.org\/{rel}","templated":true}]}}