{"id":687,"date":"2024-09-26T09:17:37","date_gmt":"2024-09-26T09:17:37","guid":{"rendered":"https:\/\/inscorcardiologia.com\/?page_id=687"},"modified":"2025-11-28T10:56:21","modified_gmt":"2025-11-28T10:56:21","slug":"aviso-legal","status":"publish","type":"page","link":"https:\/\/inscorcardiologia.com\/en\/aviso-legal\/","title":{"rendered":"LEGAL NOTICE"},"content":{"rendered":"<div data-elementor-type=\"wp-page\" data-elementor-id=\"687\" class=\"elementor elementor-687\" data-elementor-post-type=\"page\">\n\t\t\t\t<div class=\"elementor-element elementor-element-c85ab21 e-flex e-con-boxed e-con e-parent\" data-id=\"c85ab21\" data-element_type=\"container\" data-e-type=\"container\">\n\t\t\t\t\t<div class=\"e-con-inner\">\n\t\t\t\t<div class=\"elementor-element elementor-element-9b23776 elementor-widget elementor-widget-heading\" data-id=\"9b23776\" data-element_type=\"widget\" data-e-type=\"widget\" data-widget_type=\"heading.default\">\n\t\t\t\t<div class=\"elementor-widget-container\">\n\t\t\t\t\t<h2 class=\"elementor-heading-title elementor-size-default\">LEGAL NOTICE<\/h2>\t\t\t\t<\/div>\n\t\t\t\t<\/div>\n\t\t\t\t<div class=\"elementor-element elementor-element-ffd65d1 elementor-widget elementor-widget-text-editor\" data-id=\"ffd65d1\" data-element_type=\"widget\" data-e-type=\"widget\" data-widget_type=\"text-editor.default\">\n\t\t\t\t<div class=\"elementor-widget-container\">\n\t\t\t\t\t\t\t\t\t<p><strong>LAW ON INFORMATION SOCIETY SERVICES (LSSI)<\/strong><\/p><p>INSTITUT DE SALUT CARDIOVASCULAR I REHABILITACI\u00d3 CARDIACA , S.L., responsable del sitio web, en adelante RESPONSABLE, pone a disposici\u00f3n de los usuarios el presente documento, con el que pretende dar cumplimiento a las obligaciones dispuestas en la Ley 34\/2002, de 11 de julio, de Servicios de la Sociedad de la Informaci\u00f3n y de Comercio Electr\u00f3nico (LSSICE), BOE N o 166, as\u00ed como informar a todos los usuarios del sitio web respecto a<br \/>cu\u00e1les son las condiciones de uso.<br \/><br \/>Any person accessing this website assumes the role of user, committing themselves to the observance and strict compliance with the provisions herein, as well as any other legal provision that may be applicable.<br \/><br \/>INSTITUT DE SALUT CARDIOVASCULAR I REHABILITACI\u00d3 CARDIACA , S.L. se reserva el derecho de modificar cualquier tipo de informaci\u00f3n que pudiera aparecer en el sitio web, sin que exista obligaci\u00f3n de preavisar o poner en conocimiento de los usuarios dichas obligaciones, entendi\u00e9ndose como suficiente con la publicaci\u00f3n en el sitio web de INSTITUT DE SALUT CARDIOVASCULAR I REHABILITACI\u00d3 CARDIACA , S.L..<\/p><div><p><strong>1. IDENTIFICATION DATA<\/strong><\/p><p>Nombre de dominio: inscorcardiologia.com\/<br \/>Nombre comercial: INSCOR<br \/>Denominaci\u00f3n social: INSTITUT DE SALUT CARDIOVASCULAR I REHABILITACI\u00d3 CARDIACA , S.L.<br \/>VAT NO: B64038334<br \/>Domicilio social: Folguerolas, 12, 08022 BARCELONA null<br \/>Tel\u00e9fono: 610554777<br \/>E-mail: inscor@inscorbcn.com<br \/>Inscrita en el Registro Mercantil de Barcelona, Hoja B-322566, Tomo 41530, Folio 18.<\/p><\/div><p><strong>2. DERECHOS DE PROPIEDAD INTELECTUAL E INDUSTRIA<\/strong><\/p><div><p>El sitio web, incluyendo a t\u00edtulo enunciativo, pero no limitativo su programaci\u00f3n, edici\u00f3n, compilaci\u00f3n y dem\u00e1s elementos necesarios para su funcionamiento, los dise\u00f1os, logotipos, texto y\/o gr\u00e1ficos, son propiedad del RESPONSABLE o, si es el caso, dispone de licencia o autorizaci\u00f3n expresa por parte de los autores. Todos los contenidos del sitio web se encuentran debidamente protegidos por la normativa de propiedad intelectual e industrial, as\u00ed como inscritos en los registros p\u00fablicos correspondientes.<\/p><p>Regardless of the purpose for which they were intended, the total or partial reproduction, use, exploitation, distribution and commercialisation, requires in any case the prior written authorisation of the RESPONSIBLE PARTY. Any unauthorised use is considered a serious breach of the author's intellectual or industrial property rights.<\/p><p>Los dise\u00f1os, logotipos, texto y\/o gr\u00e1ficos ajenos al RESPONSABLE y que pudieran aparecer en el sitio web, pertenecen a sus respectivos propietarios, siendo ellos mismos responsables de cualquier posible controversia que pudiera suscitarse respecto a los mismos. El RESPONSABLE autoriza expresamente a que terceros puedan redirigir directamente a los contenidos concretos del sitio web, y en todo caso redirigir al sitio web principal de inscorcardiologia.com\/.<\/p><p>El RESPONSABLE reconoce a favor de sus titulares los correspondientes derechos de propiedad intelectual e industrial, no implicando su sola menci\u00f3n o aparici\u00f3n en el sitio web la existencia de derechos o responsabilidad alguna sobre los mismos, como tampoco respaldo, patrocinio o recomendaci\u00f3n por parte del mismo. Para realizar cualquier tipo de observaci\u00f3n respecto a posibles incumplimientos de los derechos de propiedad intelectual o industrial, as\u00ed como sobre cualquiera de los contenidos del sitio web, puede hacerlo a trav\u00e9s del correo electr\u00f3nico inscor@inscorbcn.com.<br \/><br \/><\/p><p><strong>3.EXENCI\u00d3N DE RESPONSABILIDADES<\/strong><\/p><p>The RESPONSIBLE party disclaims any liability for the information published on its website provided that this information has been manipulated or introduced by a third party external to the same.<\/p><p><strong>Use of Cookies<\/strong><\/p><p>Este sitio web puede utilizar cookies t\u00e9cnicas (peque\u00f1os archivos de informaci\u00f3n que el servidor env\u00eda al ordenador de quien accede a la p\u00e1gina) para llevar a cabo determinadas funciones que son consideradas imprescindibles para el correcto funcionamiento y visualizaci\u00f3n del sitio. Las cookies utilizadas tienen, en todo caso, car\u00e1cter temporal, con la \u00fanica finalidad de hacer m\u00e1s eficaz la navegaci\u00f3n, y desaparecen al terminar la sesi\u00f3n del usuario. En ning\u00fan caso, estas cookies proporcionan por s\u00ed mismas datos de car\u00e1cter personal y no se utilizar\u00e1n para la recogida de los mismos.<\/p><p>Mediante el uso de cookies tambi\u00e9n es posible que el servidor donde se encuentra la web reconozca el navegador utilizado por el usuario con la finalidad de que la navegaci\u00f3n sea m\u00e1s sencilla, permitiendo, por ejemplo, el acceso de los usuarios que se hayan registrado previamente a las \u00e1reas, servicios, promociones o concursos reservados exclusivamente a ellos sin tener que registrarse en cada visita. Tambi\u00e9n se pueden utilizar para medir la audiencia, par\u00e1metros de tr\u00e1fico, controlar el progreso y n\u00famero de entradas, etc., siendo en estos casos cookies prescindibles t\u00e9cnicamente, pero beneficiosas para el usuario. Este sitio web no instalar\u00e1 cookies prescindibles sin el consentimiento previo del usuario.<\/p><p>The user has the possibility of configuring their browser to be alerted of the reception of cookies and to prevent their installation on their computer. Please consult your browser's instructions for further information.<\/p><p><strong>Linking policy<\/strong><\/p><p>From the website, you may be redirected to contents of third party websites. Given that the RESPONSIBLE cannot always control the contents introduced by third parties on their respective websites, it does not assume any type of responsibility with respect to said contents. In any case, it will proceed to the immediate removal of any content that could contravene national or international legislation, morality or public order, proceeding to the immediate withdrawal of the redirection to said website, informing the competent authorities of the content in question.<\/p><p>El RESPONSABLE no se hace responsable de la informaci\u00f3n y contenidos almacenados, a t\u00edtulo enunciativo, pero no limitativo, en foros, chats, generadores de blogs, comentarios, redes sociales o cualquier otro medio que permita a terceros publicar contenidos de forma independiente en la p\u00e1gina web del RESPONSABLE. Sin embargo, y en cumplimiento de lo dispuesto en los art\u00edculos 11 y 16 de la LSSICE, se pone a disposici\u00f3n de todos los usuarios, autoridades y fuerzas de seguridad, colaborando de forma activa en la retirada o, en su caso, en el bloqueo de todos aquellos contenidos que puedan afectar o contravenir la legislaci\u00f3n nacional o internacional, los derechos de terceros o la moral y el orden p\u00fablico.<\/p><p>En caso de que el usuario considere que existe en el sitio web alg\u00fan contenido que pudiera ser susceptible de esta clasificaci\u00f3n, se ruega lo notifique de forma inmediata al administrador del sitio web.<\/p><p>This website has been checked and tested to ensure that it functions correctly. In principle, it can be guaranteed to function correctly 365 days a year, 24 hours a day. However, the RESPONSIBLE PARTY does not rule out the possibility of certain programming errors, or the occurrence of force majeure, natural disasters, strikes or similar circumstances that make it impossible to access the website.<\/p><p><strong>IP Addresses<\/strong><\/p><p>The website servers may automatically detect the IP address and domain name used by the user. An IP address is a number automatically assigned to a computer when it connects to the Internet. All this information is recorded in a duly registered server activity file that allows the subsequent processing of the data in order to obtain purely statistical measurements that make it possible to know the number of page impressions, the number of visits made to the web servers, the order of visits, the access point, etc.<\/p><p>\u00a0<\/p><\/div><p><strong>4. LEY APLICABLE Y JURISDICCI\u00d3N<\/strong><\/p><p>The applicable law in case of dispute or conflict of interpretation of the terms that make up the legal texts, as well as any question related to the services of this website, will be Spanish law.<br \/><br \/>\u00daltima actualizaci\u00f3n: 21\/11\/2025<\/p>\t\t\t\t\t\t\t\t<\/div>\n\t\t\t\t<\/div>\n\t\t\t\t\t<\/div>\n\t\t\t\t<\/div>\n\t\t\t\t<\/div>","protected":false},"excerpt":{"rendered":"<p>AVISO LEGAL LEY DE LOS SERVICIOS DE LA SOCIEDAD DE LA INFORMACI\u00d3N (LSSI) INSTITUT DE SALUT CARDIOVASCULAR I REHABILITACI\u00d3 CARDIACA [&hellip;]<\/p>\n","protected":false},"author":1,"featured_media":0,"parent":0,"menu_order":0,"comment_status":"closed","ping_status":"closed","template":"","meta":{"site-sidebar-layout":"no-sidebar","site-content-layout":"","ast-site-content-layout":"full-width-container","site-content-style":"default","site-sidebar-style":"default","ast-global-header-display":"","ast-banner-title-visibility":"","ast-main-header-display":"","ast-hfb-above-header-display":"","ast-hfb-below-header-display":"","ast-hfb-mobile-header-display":"","site-post-title":"disabled","ast-breadcrumbs-content":"","ast-featured-img":"disabled","footer-sml-layout":"","ast-disable-related-posts":"","theme-transparent-header-meta":"","adv-header-id-meta":"","stick-header-meta":"","header-above-stick-meta":"","header-main-stick-meta":"","header-below-stick-meta":"","astra-migrate-meta-layouts":"default","ast-page-background-enabled":"default","ast-page-background-meta":{"desktop":{"background-color":"var(--ast-global-color-4)","background-image":"","background-repeat":"repeat","background-position":"center center","background-size":"auto","background-attachment":"scroll","background-type":"","background-media":"","overlay-type":"","overlay-color":"","overlay-opacity":"","overlay-gradient":""},"tablet":{"background-color":"","background-image":"","background-repeat":"repeat","background-position":"center center","background-size":"auto","background-attachment":"scroll","background-type":"","background-media":"","overlay-type":"","overlay-color":"","overlay-opacity":"","overlay-gradient":""},"mobile":{"background-color":"","background-image":"","background-repeat":"repeat","background-position":"center center","background-size":"auto","background-attachment":"scroll","background-type":"","background-media":"","overlay-type":"","overlay-color":"","overlay-opacity":"","overlay-gradient":""}},"ast-content-background-meta":{"desktop":{"background-color":"var(--ast-global-color-5)","background-image":"","background-repeat":"repeat","background-position":"center center","background-size":"auto","background-attachment":"scroll","background-type":"","background-media":"","overlay-type":"","overlay-color":"","overlay-opacity":"","overlay-gradient":""},"tablet":{"background-color":"var(--ast-global-color-5)","background-image":"","background-repeat":"repeat","background-position":"center center","background-size":"auto","background-attachment":"scroll","background-type":"","background-media":"","overlay-type":"","overlay-color":"","overlay-opacity":"","overlay-gradient":""},"mobile":{"background-color":"var(--ast-global-color-5)","background-image":"","background-repeat":"repeat","background-position":"center center","background-size":"auto","background-attachment":"scroll","background-type":"","background-media":"","overlay-type":"","overlay-color":"","overlay-opacity":"","overlay-gradient":""}},"_joinchat":[],"footnotes":""},"class_list":["post-687","page","type-page","status-publish","hentry"],"_links":{"self":[{"href":"https:\/\/inscorcardiologia.com\/en\/wp-json\/wp\/v2\/pages\/687","targetHints":{"allow":["GET"]}}],"collection":[{"href":"https:\/\/inscorcardiologia.com\/en\/wp-json\/wp\/v2\/pages"}],"about":[{"href":"https:\/\/inscorcardiologia.com\/en\/wp-json\/wp\/v2\/types\/page"}],"author":[{"embeddable":true,"href":"https:\/\/inscorcardiologia.com\/en\/wp-json\/wp\/v2\/users\/1"}],"replies":[{"embeddable":true,"href":"https:\/\/inscorcardiologia.com\/en\/wp-json\/wp\/v2\/comments?post=687"}],"version-history":[{"count":13,"href":"https:\/\/inscorcardiologia.com\/en\/wp-json\/wp\/v2\/pages\/687\/revisions"}],"predecessor-version":[{"id":2311,"href":"https:\/\/inscorcardiologia.com\/en\/wp-json\/wp\/v2\/pages\/687\/revisions\/2311"}],"wp:attachment":[{"href":"https:\/\/inscorcardiologia.com\/en\/wp-json\/wp\/v2\/media?parent=687"}],"curies":[{"name":"wp","href":"https:\/\/api.w.org\/{rel}","templated":true}]}}